{"id":132236,"date":"2026-01-27T11:41:24","date_gmt":"2026-01-27T10:41:24","guid":{"rendered":"https:\/\/knopf-bestattungen.sereniwebsites.de\/?page_id=132236"},"modified":"2026-02-25T10:39:41","modified_gmt":"2026-02-25T09:39:41","slug":"abschied-nehmen","status":"publish","type":"page","link":"https:\/\/knopf-bestattungen.de\/en\/abschied-nehmen\/","title":{"rendered":"Farewell"},"content":{"rendered":"<div class=\"wpb-content-wrapper\"><div data-parent=\"true\" class=\"vc_row row-container\" id=\"row-unique-0\"><div class=\"row no-top-padding no-bottom-padding single-h-padding limit-width row-parent\" data-height-ratio=\"50\"><div class=\"wpb_row row-inner\"><div class=\"wpb_column pos-middle pos-center align_center align_left_mobile column_parent col-lg-12 half-internal-gutter\"><div class=\"uncol style-light\"  ><div class=\"uncoltable\"><div class=\"uncell\" ><div class=\"uncont no-block-padding col-custom-width\" style=\" max-width:756px;\" ><div class=\"empty-space empty-single desktop-hidden tablet-hidden\" ><span class=\"empty-space-inner\"><\/span><\/div>\n<div class=\"vc_custom_heading_wrap\"><div class=\"heading-text el-text\" ><h2 class=\"custom fontsize-371439-custom font-size-custom\" ><span>Abschied nehmen \u2013 ein wertvoller Moment<\/span><\/h2><\/div><div class=\"clear\"><\/div><\/div><div class=\"uncode_text_column text-lead\" ><p>Die Momente des Abschiednehmens sind sehr wertvoll, denn sie geben der Erinnerung und Wertsch\u00e4tzung eine tr\u00f6stliche Form und die Angeh\u00f6rigen haben Raum, um sich auf ihre Weise zu verabschieden. Ob das eher mit einer sehr pers\u00f6nlichen Gestaltung geschieht oder in w\u00fcrdevoller traditioneller Form, darf nat\u00fcrlich jeder selbst entscheiden. Wir helfen Ihnen dabei, die f\u00fcr Sie richtigen Entscheidungen zu treffen, und ebnen dann den Weg daf\u00fcr.<\/p>\n<\/div><div class=\"empty-space empty-single\" ><span class=\"empty-space-inner\"><\/span><\/div>\n<\/div><\/div><\/div><\/div><\/div><script id=\"script-row-unique-0\" data-row=\"script-row-unique-0\" type=\"text\/javascript\" class=\"vc_controls\">UNCODE.initRow(document.getElementById(\"row-unique-0\"));<\/script><\/div><\/div><\/div><div data-parent=\"true\" class=\"vc_row bulletpoints has-bg need-focus style-color-lxmt-bg row-container\" id=\"row-unique-1\"><div class=\"row col-double-gutter triple-top-padding triple-bottom-padding single-h-padding limit-width row-parent\"><div class=\"wpb_row row-inner\"><div class=\"wpb_column pos-top pos-center align_left column_parent col-lg-4 half-internal-gutter\"><div class=\"uncol style-light\"  ><div class=\"uncoltable\"><div class=\"uncell no-block-padding\" ><div class=\"uncont\" ><div class=\"vc_custom_heading_wrap\"><div class=\"heading-text el-text\" ><h2 class=\"custom fontsize-162660-custom font-size-custom\" ><span>Pers\u00f6nliche Abschiednahme am Sarg<\/span><\/h2><\/div><div class=\"clear\"><\/div><\/div><\/div><\/div><\/div><\/div><\/div><div class=\"wpb_column pos-top pos-center align_left column_parent col-lg-8 single-internal-gutter\"><div class=\"uncol style-light\"  ><div class=\"uncoltable\"><div class=\"uncell no-block-padding\" ><div class=\"uncont\" ><div class=\"uncode_text_column text-lead\" ><p>Es ist eine alte Tradition, den Verstorbenen zun\u00e4chst aufzubahren, damit die Familie in aller Ruhe Lebewohl sagen kann. Diese pers\u00f6nliche Begegnung ist sehr hilfreich, da sie dem Kopf wie dem Herzen Gelegenheit gibt, die Tragweite der Situation zu realisieren und Wege des Umgangs mit der Trauer zu finden. Gleichzeitig ist die offene Aufbahrung eine Ehrung des Verstorbenen, weil sich die Hinterbliebenen noch einmal ganz bewusst Zeit f\u00fcr dieses besondere Ritual nehmen.<\/p>\n<p>Ein Abschied im Krankenhaus oder Seniorenheim ist kein Ersatz f\u00fcr diese wertvolle Tradition, weil das Ambiente und oft auch die zeitlichen M\u00f6glichkeiten eher d\u00fcrftig sind. Hier erinnert das Umfeld zudem noch sehr an den Krankheitsalltag, was der Trauerverarbeitung nicht unbedingt zutr\u00e4glich ist. Deswegen haben wir in unserem Bestattungshaus eigens einen Abschiedsraum geschaffen, der Ihnen eine besondere Atmosph\u00e4re f\u00fcr die wichtigen Augenblicke des Abschieds erm\u00f6glicht. Bis zum Tag der Bestattung geben wir Ihnen hier die Zeit, die Sie brauchen.<br \/>\nGerne stellen wir Ihnen unseren Abschiedsraum in unserem Bestattungshaus in der Bahnhofstra\u00dfe 71 bei einem Besuch vor. Bitte sprechen Sie uns an.<\/p>\n<\/div><\/div><\/div><\/div><\/div><\/div><script id=\"script-row-unique-1\" data-row=\"script-row-unique-1\" type=\"text\/javascript\" class=\"vc_controls\">UNCODE.initRow(document.getElementById(\"row-unique-1\"));<\/script><\/div><\/div><\/div><div data-parent=\"true\" class=\"vc_row row-container with-parallax\" id=\"row-unique-2\"><div class=\"row-background background-element\">\n\t\t\t\t\t\t\t\t\t\t\t<div class=\"background-wrapper\">\n\t\t\t\t\t\t\t\t\t\t\t\t<div class=\"background-inner\" style=\"background-image: url(https:\/\/knopf-bestattungen.de\/wp-content\/uploads\/sites\/87\/2025\/09\/verabschieden_2.jpg);background-repeat: no-repeat;background-position: center center;background-size: cover;\"><\/div>\n\t\t\t\t\t\t\t\t\t\t\t\t\n\t\t\t\t\t\t\t\t\t\t\t<\/div>\n\t\t\t\t\t\t\t\t\t\t<\/div><div class=\"row limit-width row-parent\" data-height-ratio=\"70\" data-minheight=\"500\"><div class=\"wpb_row row-inner\"><div class=\"wpb_column pos-top pos-center align_left column_parent col-lg-12 single-internal-gutter\"><div class=\"uncol style-light\"  ><div class=\"uncoltable\"><div class=\"uncell no-block-padding\" ><div class=\"uncont\" ><\/div><\/div><\/div><\/div><\/div><script id=\"script-row-unique-2\" data-row=\"script-row-unique-2\" type=\"text\/javascript\" class=\"vc_controls\">UNCODE.initRow(document.getElementById(\"row-unique-2\"));<\/script><\/div><\/div><\/div><div data-parent=\"true\" class=\"vc_row bulletpoints has-bg need-focus style-color-lxmt-bg row-container\" id=\"row-unique-3\"><div class=\"row col-double-gutter triple-top-padding triple-bottom-padding single-h-padding limit-width row-parent\"><div class=\"wpb_row row-inner\"><div class=\"wpb_column pos-top pos-center align_left column_parent col-lg-4 half-internal-gutter\"><div class=\"uncol style-light\"  ><div class=\"uncoltable\"><div class=\"uncell no-block-padding\" ><div class=\"uncont\" ><div class=\"vc_custom_heading_wrap\"><div class=\"heading-text el-text\" ><h2 class=\"custom fontsize-552040-custom font-size-custom\" ><span>Die Trauerfeier \u2013 Abschied in der Gemeinschaft<\/span><\/h2><\/div><div class=\"clear\"><\/div><\/div><\/div><\/div><\/div><\/div><\/div><div class=\"wpb_column pos-top pos-center align_left column_parent col-lg-8 single-internal-gutter\"><div class=\"uncol style-light\"  ><div class=\"uncoltable\"><div class=\"uncell no-block-padding\" ><div class=\"uncont\" ><div class=\"uncode_text_column text-lead\" ><p>Die Trauerfeier ist das letzte Fest zu Ehren des Verstorbenen. Daf\u00fcr kommen in der Regel Familie, Freunde und Bekannte zusammen, um gemeinsam Abschied zu nehmen, sich zu tr\u00f6sten und zu erinnern.<\/p>\n<p>Uns ist wichtig, diese letzten Augenblicke mit dem Verstorbenen so zu gestalten, wie es sich f\u00fcr Sie richtig anf\u00fchlt. Das kann traditionell und gem\u00e4\u00df den religi\u00f6sen Konventionen geschehen oder auch im Rahmen einer weltlichen Trauerfeier. Wir richten uns ganz nach Ihren W\u00fcnschen. Bei Bedarf stehen wir Ihnen nat\u00fcrlich gerne mit unseren Ideen zur Verf\u00fcgung \u2013 ob es um die Dekoration der Trauerhalle, pers\u00f6nliche Rituale, Trauerreden oder auch um den Einsatz von Livemusik geht.<\/p>\n<p>In unserem Bestattungshaus mitten in Voerde verf\u00fcgen wir \u00fcber harmonisch eingerichtete R\u00e4umlichkeiten f\u00fcr einen pers\u00f6nlichen Abschied und eine Trauerfeier mit bis zu 60 Personen. Nat\u00fcrlich sorgen wir auch andernorts immer f\u00fcr einen w\u00fcrdigen Rahmen im Zuge der M\u00f6glichkeiten. Auch mit gro\u00dfen Trauerfeiern in Friedhofskapellen und an au\u00dfergew\u00f6hnlichen Orten haben wir gute Erfahrungen gemacht. Bitte sprechen Sie uns einfach an, damit wir Sie hierzu nach Ihren Ma\u00dfst\u00e4ben beraten k\u00f6nnen.<\/p>\n<\/div><\/div><\/div><\/div><\/div><\/div><script id=\"script-row-unique-3\" data-row=\"script-row-unique-3\" type=\"text\/javascript\" class=\"vc_controls\">UNCODE.initRow(document.getElementById(\"row-unique-3\"));<\/script><\/div><\/div><\/div><div data-parent=\"true\" class=\"vc_row bulletpoints row-container desktop-hidden\" id=\"row-unique-4\"><div class=\"row col-double-gutter single-top-padding no-bottom-padding no-h-padding limit-width row-parent\"><div class=\"wpb_row row-inner\"><div class=\"wpb_column pos-top pos-center align_left column_parent col-lg-12 single-internal-gutter\"><div class=\"uncol style-light\"  ><div class=\"uncoltable\"><div class=\"uncell no-block-padding\" ><div class=\"uncont\" ><div class=\"uncode-single-media  text-left\"><div class=\"single-wrapper\" style=\"max-width: 100%;\"><div class=\"tmb tmb-light  tmb-media-first tmb-media-last tmb-content-overlay tmb-no-bg\"><div class=\"t-inside\"><div class=\"t-entry-visual\"><div class=\"t-entry-visual-tc\"><div class=\"uncode-single-media-wrapper\"><img decoding=\"async\" class=\"wp-image-132335\" src=\"https:\/\/knopf-bestattungen.de\/wp-content\/uploads\/sites\/87\/2026\/01\/fingerprint.jpg\" width=\"650\" height=\"429\" alt=\"Erinnerungsschmuck\" srcset=\"\/wp-content\/uploads\/sites\/87\/2026\/01\/fingerprint.jpg 650w, \/wp-content\/uploads\/sites\/87\/2026\/01\/fingerprint-300x198.jpg 300w, \/wp-content\/uploads\/sites\/87\/2026\/01\/fingerprint-350x231.jpg 350w\" sizes=\"(max-width: 650px) 100vw, 650px\" \/><\/div>\n\t\t\t\t\t<\/div>\n\t\t\t\t<\/div><\/div><\/div><\/div><\/div><\/div><\/div><\/div><\/div><\/div><script id=\"script-row-unique-4\" data-row=\"script-row-unique-4\" type=\"text\/javascript\" class=\"vc_controls\">UNCODE.initRow(document.getElementById(\"row-unique-4\"));<\/script><\/div><\/div><\/div><div data-parent=\"true\" class=\"vc_row bulletpoints has-bg need-focus style-back_color-902817-bg row-container desktop-hidden\" id=\"row-unique-5\"><div class=\"row col-double-gutter no-top-padding triple-bottom-padding single-h-padding limit-width row-parent\"><div class=\"wpb_row row-inner\"><div class=\"wpb_column pos-top pos-center align_left column_parent col-lg-12 single-internal-gutter\"><div class=\"uncol style-light\"  ><div class=\"uncoltable\"><div class=\"uncell no-block-padding\" ><div class=\"uncont\" ><div class=\"vc_custom_heading_wrap\"><div class=\"heading-text el-text\" ><h2 class=\"custom fontsize-364652-custom font-size-custom\" ><span>Erinnerungsschmuck<\/span><\/h2><\/div><div class=\"clear\"><\/div><\/div><div class=\"uncode_text_column text-lead\" ><p>Eine sehr f\u00fchl- und greifbare Form des Gedenkens bietet individueller Erinnerungsschmuck. So wird beim \u201e<strong>Fingerprint<\/strong>\u201c ein Fingerabdruck des Verstorbenen genommen und in ein ausgew\u00e4hltes Schmuckst\u00fcck eingepr\u00e4gt. Zur Auswahl stehen zum Beispiel Kettenanh\u00e4nger oder Ringe. Alternativ ist es auch denkbar, aus einem Teil der Asche des Verstorbenen einen besonderen Erinnerungsdiamanten zu erschaffen. Dieser kann ebenfalls Teil eines Schmuckst\u00fcckes werden und Sie somit jederzeit begleiten.<\/p>\n<p>Weitere Informationen finden Sie unter: <a href=\"https:\/\/www.jewel-concepts.de\/\" target=\"_blank\" rel=\"noopener\">https:\/\/www.jewel-concepts.de\/<\/a>.<\/p>\n<p>Bitte sprechen Sie uns an, wenn Sie mehr\u00a0 zum Erinnerungsschmuck erfahren m\u00f6chten.<\/p>\n<\/div><\/div><\/div><\/div><\/div><\/div><script id=\"script-row-unique-5\" data-row=\"script-row-unique-5\" type=\"text\/javascript\" class=\"vc_controls\">UNCODE.initRow(document.getElementById(\"row-unique-5\"));<\/script><\/div><\/div><\/div><div data-parent=\"true\" class=\"vc_row bulletpoints has-bg need-focus style-back_color-795953-bg row-container tablet-hidden mobile-hidden\" id=\"row-unique-6\"><div class=\"row-background background-element\">\n\t\t\t\t\t\t\t\t\t\t\t<div class=\"background-wrapper\">\n\t\t\t\t\t\t\t\t\t\t\t\t<div class=\"background-inner\" style=\"background-image: url(https:\/\/knopf-bestattungen.de\/wp-content\/uploads\/sites\/87\/2026\/01\/Jewel_Concepts_Banners_website_3.jpg);background-repeat: no-repeat;background-position: right center;background-attachment: scroll;background-size: contain;\"><\/div>\n\t\t\t\t\t\t\t\t\t\t\t\t\n\t\t\t\t\t\t\t\t\t\t\t<\/div>\n\t\t\t\t\t\t\t\t\t\t<\/div><div class=\"row col-double-gutter triple-top-padding triple-bottom-padding single-h-padding limit-width row-parent\"><div class=\"wpb_row row-inner\"><div class=\"wpb_column pos-top pos-center align_left column_parent col-lg-6 single-internal-gutter\"><div class=\"uncol style-light\"  ><div class=\"uncoltable\"><div class=\"uncell no-block-padding\" ><div class=\"uncont\" ><div class=\"vc_custom_heading_wrap\"><div class=\"heading-text el-text\" ><h2 class=\"custom fontsize-364652-custom font-size-custom\" ><span>Erinnerungsschmuck<\/span><\/h2><\/div><div class=\"clear\"><\/div><\/div><div class=\"uncode_text_column text-lead\" ><p>Eine sehr f\u00fchl- und greifbare Form des Gedenkens bietet individueller Erinnerungsschmuck. So wird beim \u201e<strong>Fingerprint<\/strong>\u201c ein Fingerabdruck des Verstorbenen genommen und in ein ausgew\u00e4hltes Schmuckst\u00fcck eingepr\u00e4gt. Zur Auswahl stehen zum Beispiel Kettenanh\u00e4nger oder Ringe. Alternativ ist es auch denkbar, aus einem Teil der Asche des Verstorbenen einen besonderen Erinnerungsdiamanten zu erschaffen. Dieser kann ebenfalls Teil eines Schmuckst\u00fcckes werden und Sie somit jederzeit begleiten.<\/p>\n<p>Weitere Informationen finden Sie unter: <a href=\"https:\/\/www.jewel-concepts.de\/\" target=\"_blank\" rel=\"noopener\">https:\/\/www.jewel-concepts.de\/<\/a>.<\/p>\n<p>Bitte sprechen Sie uns an, wenn Sie mehr\u00a0 zum Erinnerungsschmuck erfahren m\u00f6chten.<\/p>\n<\/div><\/div><\/div><\/div><\/div><\/div><div class=\"wpb_column pos-top pos-center align_left column_parent col-lg-6 half-internal-gutter\"><div class=\"uncol style-light\"  ><div class=\"uncoltable\"><div class=\"uncell no-block-padding\" ><div class=\"uncont\" ><\/div><\/div><\/div><\/div><\/div><script id=\"script-row-unique-6\" data-row=\"script-row-unique-6\" type=\"text\/javascript\" class=\"vc_controls\">UNCODE.initRow(document.getElementById(\"row-unique-6\"));<\/script><\/div><\/div><\/div>\n<\/div>","protected":false},"excerpt":{"rendered":"Abschied nehmen \u2013 ein wertvoller MomentDie Momente des Abschiednehmens sind sehr wertvoll, denn sie geben der Erinnerung und Wertsch\u00e4tzung eine [...]","protected":false},"author":21,"featured_media":132021,"parent":0,"menu_order":0,"comment_status":"closed","ping_status":"closed","template":"","meta":{"footnotes":""},"class_list":["post-132236","page","type-page","status-publish","has-post-thumbnail","hentry"],"yoast_head":"<!-- This site is optimized with the Yoast SEO plugin v27.3 - https:\/\/yoast.com\/product\/yoast-seo-wordpress\/ -->\n<title>Abschied nehmen - Knopf Bestattungen<\/title>\n<meta name=\"description\" content=\"Unser Bestattungshaus mitten in Voerde bietet den Raum, die Ruhe und die Zeit f\u00fcr einen Abschied ganz nach Ihren pers\u00f6nlichen Bed\u00fcrfnissen.\" \/>\n<meta name=\"robots\" content=\"index, follow, max-snippet:-1, max-image-preview:large, max-video-preview:-1\" \/>\n<link rel=\"canonical\" href=\"https:\/\/knopf-bestattungen.de\/en\/abschied-nehmen\/\" \/>\n<meta property=\"og:locale\" content=\"en_GB\" \/>\n<meta property=\"og:type\" content=\"article\" \/>\n<meta property=\"og:title\" content=\"Abschied nehmen - Knopf Bestattungen\" \/>\n<meta property=\"og:description\" content=\"Unser Bestattungshaus mitten in Voerde bietet den Raum, die Ruhe und die Zeit f\u00fcr einen Abschied ganz nach Ihren pers\u00f6nlichen Bed\u00fcrfnissen.\" \/>\n<meta property=\"og:url\" content=\"https:\/\/knopf-bestattungen.de\/en\/abschied-nehmen\/\" \/>\n<meta property=\"og:site_name\" content=\"Knopf Bestattungen\" \/>\n<meta property=\"article:modified_time\" content=\"2026-02-25T09:39:41+00:00\" \/>\n<meta property=\"og:image\" content=\"https:\/\/knopf-bestattungen.de\/wp-content\/uploads\/sites\/87\/2025\/09\/Knopf-Bestattungen.jpg\" \/>\n\t<meta property=\"og:image:width\" content=\"1520\" \/>\n\t<meta property=\"og:image:height\" content=\"800\" \/>\n\t<meta property=\"og:image:type\" content=\"image\/jpeg\" \/>\n<meta name=\"twitter:card\" content=\"summary_large_image\" \/>\n<meta name=\"twitter:label1\" content=\"Estimated reading time\" \/>\n\t<meta name=\"twitter:data1\" content=\"5 minutes\" \/>\n<script type=\"application\/ld+json\" class=\"yoast-schema-graph\">{\"@context\":\"https:\\\/\\\/schema.org\",\"@graph\":[{\"@type\":\"WebPage\",\"@id\":\"https:\\\/\\\/knopf-bestattungen.de\\\/abschied-nehmen\\\/\",\"url\":\"https:\\\/\\\/knopf-bestattungen.de\\\/abschied-nehmen\\\/\",\"name\":\"Abschied nehmen - Knopf Bestattungen\",\"isPartOf\":{\"@id\":\"https:\\\/\\\/knopf-bestattungen.de\\\/#website\"},\"primaryImageOfPage\":{\"@id\":\"https:\\\/\\\/knopf-bestattungen.de\\\/abschied-nehmen\\\/#primaryimage\"},\"image\":{\"@id\":\"https:\\\/\\\/knopf-bestattungen.de\\\/abschied-nehmen\\\/#primaryimage\"},\"thumbnailUrl\":\"\\\/wp-content\\\/uploads\\\/sites\\\/87\\\/2025\\\/09\\\/Knopf-Bestattungen.jpg\",\"datePublished\":\"2026-01-27T10:41:24+00:00\",\"dateModified\":\"2026-02-25T09:39:41+00:00\",\"description\":\"Unser Bestattungshaus mitten in Voerde bietet den Raum, die Ruhe und die Zeit f\u00fcr einen Abschied ganz nach Ihren pers\u00f6nlichen Bed\u00fcrfnissen.\",\"breadcrumb\":{\"@id\":\"https:\\\/\\\/knopf-bestattungen.de\\\/abschied-nehmen\\\/#breadcrumb\"},\"inLanguage\":\"en-GB\",\"potentialAction\":[{\"@type\":\"ReadAction\",\"target\":[\"https:\\\/\\\/knopf-bestattungen.de\\\/abschied-nehmen\\\/\"]}]},{\"@type\":\"ImageObject\",\"inLanguage\":\"en-GB\",\"@id\":\"https:\\\/\\\/knopf-bestattungen.de\\\/abschied-nehmen\\\/#primaryimage\",\"url\":\"\\\/wp-content\\\/uploads\\\/sites\\\/87\\\/2025\\\/09\\\/Knopf-Bestattungen.jpg\",\"contentUrl\":\"\\\/wp-content\\\/uploads\\\/sites\\\/87\\\/2025\\\/09\\\/Knopf-Bestattungen.jpg\",\"width\":1520,\"height\":800,\"caption\":\"Knopf Bestattungen\"},{\"@type\":\"BreadcrumbList\",\"@id\":\"https:\\\/\\\/knopf-bestattungen.de\\\/abschied-nehmen\\\/#breadcrumb\",\"itemListElement\":[{\"@type\":\"ListItem\",\"position\":1,\"name\":\"Startseite\",\"item\":\"https:\\\/\\\/knopf-bestattungen.de\\\/\"},{\"@type\":\"ListItem\",\"position\":2,\"name\":\"Abschied nehmen\"}]},{\"@type\":\"WebSite\",\"@id\":\"https:\\\/\\\/knopf-bestattungen.de\\\/#website\",\"url\":\"https:\\\/\\\/knopf-bestattungen.de\\\/\",\"name\":\"Knopf Bestattungen\",\"description\":\"Ihr Bestattungshaus in Voerde\",\"potentialAction\":[{\"@type\":\"SearchAction\",\"target\":{\"@type\":\"EntryPoint\",\"urlTemplate\":\"https:\\\/\\\/knopf-bestattungen.de\\\/?s={search_term_string}\"},\"query-input\":{\"@type\":\"PropertyValueSpecification\",\"valueRequired\":true,\"valueName\":\"search_term_string\"}}],\"inLanguage\":\"en-GB\"}]}<\/script>\n<!-- \/ Yoast SEO plugin. -->","yoast_head_json":{"title":"Abschied nehmen - Knopf Bestattungen","description":"In the heart of Voerde, we offer a peaceful place for a personal and meaningful farewell.","robots":{"index":"index","follow":"follow","max-snippet":"max-snippet:-1","max-image-preview":"max-image-preview:large","max-video-preview":"max-video-preview:-1"},"canonical":"https:\/\/knopf-bestattungen.de\/en\/abschied-nehmen\/","og_locale":"en_GB","og_type":"article","og_title":"Abschied nehmen - Knopf Bestattungen","og_description":"Unser Bestattungshaus mitten in Voerde bietet den Raum, die Ruhe und die Zeit f\u00fcr einen Abschied ganz nach Ihren pers\u00f6nlichen Bed\u00fcrfnissen.","og_url":"https:\/\/knopf-bestattungen.de\/en\/abschied-nehmen\/","og_site_name":"Knopf Bestattungen","article_modified_time":"2026-02-25T09:39:41+00:00","og_image":[{"width":1520,"height":800,"url":"https:\/\/knopf-bestattungen.de\/wp-content\/uploads\/sites\/87\/2025\/09\/Knopf-Bestattungen.jpg","type":"image\/jpeg"}],"twitter_card":"summary_large_image","twitter_misc":{"Estimated reading time":"5 minutes"},"schema":{"@context":"https:\/\/schema.org","@graph":[{"@type":"WebPage","@id":"https:\/\/knopf-bestattungen.de\/abschied-nehmen\/","url":"https:\/\/knopf-bestattungen.de\/abschied-nehmen\/","name":"Abschied nehmen - Knopf Bestattungen","isPartOf":{"@id":"https:\/\/knopf-bestattungen.de\/#website"},"primaryImageOfPage":{"@id":"https:\/\/knopf-bestattungen.de\/abschied-nehmen\/#primaryimage"},"image":{"@id":"https:\/\/knopf-bestattungen.de\/abschied-nehmen\/#primaryimage"},"thumbnailUrl":"\/wp-content\/uploads\/sites\/87\/2025\/09\/Knopf-Bestattungen.jpg","datePublished":"2026-01-27T10:41:24+00:00","dateModified":"2026-02-25T09:39:41+00:00","description":"In the heart of Voerde, we offer a peaceful place for a personal and meaningful farewell.","breadcrumb":{"@id":"https:\/\/knopf-bestattungen.de\/abschied-nehmen\/#breadcrumb"},"inLanguage":"en-GB","potentialAction":[{"@type":"ReadAction","target":["https:\/\/knopf-bestattungen.de\/abschied-nehmen\/"]}]},{"@type":"ImageObject","inLanguage":"en-GB","@id":"https:\/\/knopf-bestattungen.de\/abschied-nehmen\/#primaryimage","url":"\/wp-content\/uploads\/sites\/87\/2025\/09\/Knopf-Bestattungen.jpg","contentUrl":"\/wp-content\/uploads\/sites\/87\/2025\/09\/Knopf-Bestattungen.jpg","width":1520,"height":800,"caption":"Knopf Bestattungen"},{"@type":"BreadcrumbList","@id":"https:\/\/knopf-bestattungen.de\/abschied-nehmen\/#breadcrumb","itemListElement":[{"@type":"ListItem","position":1,"name":"Startseite","item":"https:\/\/knopf-bestattungen.de\/"},{"@type":"ListItem","position":2,"name":"Abschied nehmen"}]},{"@type":"WebSite","@id":"https:\/\/knopf-bestattungen.de\/#website","url":"https:\/\/knopf-bestattungen.de\/","name":"Knopf Bestattungen","description":"Ihr Bestattungshaus in Voerde","potentialAction":[{"@type":"SearchAction","target":{"@type":"EntryPoint","urlTemplate":"https:\/\/knopf-bestattungen.de\/?s={search_term_string}"},"query-input":{"@type":"PropertyValueSpecification","valueRequired":true,"valueName":"search_term_string"}}],"inLanguage":"en-GB"}]}},"_links":{"self":[{"href":"https:\/\/knopf-bestattungen.de\/en\/wp-json\/wp\/v2\/pages\/132236","targetHints":{"allow":["GET"]}}],"collection":[{"href":"https:\/\/knopf-bestattungen.de\/en\/wp-json\/wp\/v2\/pages"}],"about":[{"href":"https:\/\/knopf-bestattungen.de\/en\/wp-json\/wp\/v2\/types\/page"}],"author":[{"embeddable":true,"href":"https:\/\/knopf-bestattungen.de\/en\/wp-json\/wp\/v2\/users\/21"}],"replies":[{"embeddable":true,"href":"https:\/\/knopf-bestattungen.de\/en\/wp-json\/wp\/v2\/comments?post=132236"}],"version-history":[{"count":25,"href":"https:\/\/knopf-bestattungen.de\/en\/wp-json\/wp\/v2\/pages\/132236\/revisions"}],"predecessor-version":[{"id":132338,"href":"https:\/\/knopf-bestattungen.de\/en\/wp-json\/wp\/v2\/pages\/132236\/revisions\/132338"}],"wp:featuredmedia":[{"embeddable":true,"href":"https:\/\/knopf-bestattungen.de\/en\/wp-json\/wp\/v2\/media\/132021"}],"wp:attachment":[{"href":"https:\/\/knopf-bestattungen.de\/en\/wp-json\/wp\/v2\/media?parent=132236"}],"curies":[{"name":"wp","href":"https:\/\/api.w.org\/{rel}","templated":true}]}}