{"id":132255,"date":"2026-01-27T12:55:38","date_gmt":"2026-01-27T11:55:38","guid":{"rendered":"https:\/\/knopf-bestattungen.sereniwebsites.de\/?page_id=132255"},"modified":"2026-02-25T11:04:06","modified_gmt":"2026-02-25T10:04:06","slug":"trauerhilfe","status":"publish","type":"page","link":"https:\/\/knopf-bestattungen.de\/en\/trauerhilfe\/","title":{"rendered":"Grief Support"},"content":{"rendered":"<div class=\"wpb-content-wrapper\"><div data-parent=\"true\" class=\"vc_row row-container\" id=\"row-unique-0\"><div class=\"row no-top-padding no-bottom-padding single-h-padding limit-width row-parent\" data-height-ratio=\"50\"><div class=\"wpb_row row-inner\"><div class=\"wpb_column pos-middle pos-center align_center align_left_mobile column_parent col-lg-12 half-internal-gutter\"><div class=\"uncol style-light\"  ><div class=\"uncoltable\"><div class=\"uncell\" ><div class=\"uncont no-block-padding col-custom-width\" style=\" max-width:864px;\" ><div class=\"empty-space empty-single desktop-hidden tablet-hidden\" ><span class=\"empty-space-inner\"><\/span><\/div>\n<div class=\"vc_custom_heading_wrap\"><div class=\"heading-text el-text\" ><h2 class=\"custom fontsize-101752-custom font-size-custom\" ><span>Sich der eigenen Trauer stellen, Trauerhilfe annehmen<\/span><\/h2><\/div><div class=\"clear\"><\/div><\/div><div class=\"uncode_text_column text-lead\" ><p>In der Zeit nach einem Verlust ist es wichtig, sich der eigenen Trauer zu stellen. Diese Auseinandersetzung mit den eigenen Gef\u00fchlen braucht immer ihre Zeit und oft zehrt sie an K\u00f6rper und Seele. Und doch ist sie gleichzeitig eine unverzichtbare Quelle f\u00fcr die eigene Lebenskraft \u2013 denn sie erm\u00f6glicht allm\u00e4hlich wieder neue Hoffnung und Zuversicht f\u00fcr die Zukunft.<\/p>\n<\/div><div class=\"empty-space empty-single\" ><span class=\"empty-space-inner\"><\/span><\/div>\n<\/div><\/div><\/div><\/div><\/div><script id=\"script-row-unique-0\" data-row=\"script-row-unique-0\" type=\"text\/javascript\" class=\"vc_controls\">UNCODE.initRow(document.getElementById(\"row-unique-0\"));<\/script><\/div><\/div><\/div><div data-parent=\"true\" class=\"vc_row bulletpoints has-bg need-focus style-color-lxmt-bg row-container\" id=\"row-unique-1\"><div class=\"row col-double-gutter triple-top-padding triple-bottom-padding single-h-padding limit-width row-parent\"><div class=\"wpb_row row-inner\"><div class=\"wpb_column pos-top pos-center align_center align_left_mobile column_parent col-lg-12 single-internal-gutter\"><div class=\"uncol style-light\"  ><div class=\"uncoltable\"><div class=\"uncell\" ><div class=\"uncont no-block-padding col-custom-width\" style=\" max-width:1020px;\" ><div class=\"uncode_text_column text-lead\" ><p>Wie Sie Ihrer Trauer begegnen, ist immer eine pers\u00f6nliche Entscheidung. Dazu kann das ganz bewusste Erinnern an den Verstorbenen ebenso geh\u00f6ren wie das Ausf\u00fchren symbolischer Handlungen, um den Verlust besser zu ertragen. Selbstverst\u00e4ndlich unterst\u00fctzen wir Sie gerne mit Ideen f\u00fcr eigene Rituale \u2013 wie das Besuchen von erinnerungstr\u00e4chtigen Orten oder das Kochen von Omas Lieblingsrezept. Sollten Sie dar\u00fcber hinaus Hilfe im Umgang mit der Trauer suchen, vermitteln wir Ihnen gerne einf\u00fchlsame Ansprechpartner und professionelle Trauerbegleiter in der Umgebung.<\/p>\n<p>Au\u00dferdem verf\u00fcgen wir in unserem Haus \u00fcber eine umfangreiche Bibliothek mit Trauerliteratur. Gerne k\u00f6nnen Sie sich hier eines oder mehrere der Werke ausleihen. Bitte sprechen Sie uns darauf an.<\/p>\n<\/div><\/div><\/div><\/div><\/div><\/div><script id=\"script-row-unique-1\" data-row=\"script-row-unique-1\" type=\"text\/javascript\" class=\"vc_controls\">UNCODE.initRow(document.getElementById(\"row-unique-1\"));<\/script><\/div><\/div><\/div><div data-parent=\"true\" class=\"vc_row row-container with-parallax\" id=\"row-unique-2\"><div class=\"row-background background-element\">\n\t\t\t\t\t\t\t\t\t\t\t<div class=\"background-wrapper\">\n\t\t\t\t\t\t\t\t\t\t\t\t<div class=\"background-inner\" style=\"background-image: url(https:\/\/knopf-bestattungen.de\/wp-content\/uploads\/sites\/87\/2025\/09\/verabschieden_2.jpg);background-repeat: no-repeat;background-position: center center;background-size: cover;\"><\/div>\n\t\t\t\t\t\t\t\t\t\t\t\t\n\t\t\t\t\t\t\t\t\t\t\t<\/div>\n\t\t\t\t\t\t\t\t\t\t<\/div><div class=\"row limit-width row-parent\" data-height-ratio=\"70\" data-minheight=\"500\"><div class=\"wpb_row row-inner\"><div class=\"wpb_column pos-top pos-center align_left column_parent col-lg-12 single-internal-gutter\"><div class=\"uncol style-light\"  ><div class=\"uncoltable\"><div class=\"uncell no-block-padding\" ><div class=\"uncont\" ><\/div><\/div><\/div><\/div><\/div><script id=\"script-row-unique-2\" data-row=\"script-row-unique-2\" type=\"text\/javascript\" class=\"vc_controls\">UNCODE.initRow(document.getElementById(\"row-unique-2\"));<\/script><\/div><\/div><\/div><div data-parent=\"true\" class=\"vc_row bulletpoints row-container\" id=\"row-unique-3\"><div class=\"row col-double-gutter triple-top-padding triple-bottom-padding single-h-padding limit-width row-parent\"><div class=\"wpb_row row-inner\"><div class=\"wpb_column pos-top pos-center align_left column_parent col-lg-6 single-internal-gutter\"><div class=\"uncol style-light\"  ><div class=\"uncoltable\"><div class=\"uncell no-block-padding\" ><div class=\"uncont\" ><div class=\"vc_custom_heading_wrap\"><div class=\"heading-text el-text\" ><h2 class=\"custom fontsize-131701-custom font-size-custom\" ><span>\u201eLasst mich dabei sein\u201c \u2013 Kinder in den Abschied miteinbeziehen<\/span><\/h2><\/div><div class=\"clear\"><\/div><\/div><div class=\"uncode-single-media  text-left\"><div class=\"single-wrapper\" style=\"max-width: 300px;\"><div class=\"tmb tmb-light  tmb-media-first tmb-media-last tmb-content-overlay tmb-no-bg\"><div class=\"t-inside\"><div class=\"t-entry-visual\"><div class=\"t-entry-visual-tc\"><div class=\"uncode-single-media-wrapper\"><img decoding=\"async\" class=\"wp-image-132342\" src=\"https:\/\/knopf-bestattungen.de\/wp-content\/uploads\/sites\/87\/2026\/01\/Nie-mehr-Oma-Lina-Tag.jpg\" width=\"780\" height=\"1000\" alt=\"Nie mehr Oma-Lina-Tag?\" srcset=\"\/wp-content\/uploads\/sites\/87\/2026\/01\/Nie-mehr-Oma-Lina-Tag.jpg 780w, \/wp-content\/uploads\/sites\/87\/2026\/01\/Nie-mehr-Oma-Lina-Tag-234x300.jpg 234w, \/wp-content\/uploads\/sites\/87\/2026\/01\/Nie-mehr-Oma-Lina-Tag-768x985.jpg 768w, \/wp-content\/uploads\/sites\/87\/2026\/01\/Nie-mehr-Oma-Lina-Tag-350x449.jpg 350w\" sizes=\"(max-width: 780px) 100vw, 780px\" \/><\/div>\n\t\t\t\t\t<\/div>\n\t\t\t\t<\/div><\/div><\/div><\/div><\/div><\/div><\/div><\/div><\/div><\/div><div class=\"wpb_column pos-top pos-center align_left column_parent col-lg-6 half-internal-gutter\"><div class=\"uncol style-light\"  ><div class=\"uncoltable\"><div class=\"uncell no-block-padding\" ><div class=\"uncont\" ><div class=\"uncode_text_column text-lead\" ><p>Der Illusion, dass man vor Kindern etwas verbergen kann, gibt sich wohl niemand mehr hin. Sie sind aufmerksame Beobachter, kleine Seismografen, wenn es um die Stimmungen der Gro\u00dfen geht. Und vor allem sind sie auch Betroffene, wenn zum Beispiel die Oma gestorben ist. Kinder gehen genauso unterschiedlich mit Trauer um wie die Erwachsenen. Die einen still und in sich gekehrt, die anderen eher wissenschaftlich interessiert (\u201eWie lange dauert es, bis die W\u00fcrmer die Oma gegessen haben?\u201c) oder schlicht aus tiefstem Herzen traurig.<\/p>\n<p>Kinder m\u00fcssen ernst genommen werden. Sie brauchen klare Antworten auf ihre Fragen \u2013 nicht nur, um falschen Fantasien Einhalt zu gebieten. Sie m\u00fcssen die Chance bekommen, auf ihre Art die Trauer zu bew\u00e4ltigen. Viel oder wenig reden, mitmachen oder lieber sein lassen \u2013 man darf ihnen nichts aufdr\u00e4ngen. Wir helfen Ihnen dabei, Ihre Kinder auf eine Weise in die Trauerfeierlichkeiten einzubeziehen, die ihnen guttut. Mit unserer Erfahrung und einem umfangreichen Angebot an Informationsbrosch\u00fcren und B\u00fcchern rund um dieses Thema. Fragen Sie uns einfach danach.<\/p>\n<p>Weitere Gedanken zu diesem wichtigen Thema finden Sie unter den folgenden Links:<\/p>\n<p><a href=\"http:\/\/www.rbb-online.de\/schulstunde-tod\/das_sterben\/was_kommt__das_geht.html\" target=\"_blank\" rel=\"noopener\"><strong>Das Sterben: Was kommt, das geht \u2026<\/strong><\/a><\/p>\n<p><a href=\"https:\/\/www.rbb-online.de\/schulstunde-tod\/der_tod\/Die_letzte_Reise.html\" target=\"_blank\" rel=\"noopener\"><strong>Der Tod: die letzte Reise<\/strong><\/a><\/p>\n<p><a href=\"http:\/\/www.rbb-online.de\/schulstunde-tod\/das_danach\/Schluss_aus_und_vorbei.html\" target=\"_blank\" rel=\"noopener\"><strong>Das Danach: Schluss, aus und vorbei?<\/strong><\/a><\/p>\n<\/div><\/div><\/div><\/div><\/div><\/div><script id=\"script-row-unique-3\" data-row=\"script-row-unique-3\" type=\"text\/javascript\" class=\"vc_controls\">UNCODE.initRow(document.getElementById(\"row-unique-3\"));<\/script><\/div><\/div><\/div>\n<\/div>","protected":false},"excerpt":{"rendered":"Sich der eigenen Trauer stellen, Trauerhilfe annehmenIn der Zeit nach einem Verlust ist es wichtig, sich der eigenen Trauer zu [...]","protected":false},"author":21,"featured_media":132026,"parent":0,"menu_order":0,"comment_status":"closed","ping_status":"closed","template":"","meta":{"footnotes":""},"class_list":["post-132255","page","type-page","status-publish","has-post-thumbnail","hentry"],"yoast_head":"<!-- This site is optimized with the Yoast SEO plugin v27.3 - https:\/\/yoast.com\/product\/yoast-seo-wordpress\/ -->\n<title>Trauerhilfe - Knopf Bestattungen<\/title>\n<meta name=\"description\" content=\"In der Zeit nach einem Verlust ist es wichtig, sich der eigenen Trauer zu stellen. Diese Auseinandersetzung mit den eigenen Gef\u00fchlen braucht immer ihre Zeit und oft zehrt sie an K\u00f6rper und Seele.\" \/>\n<meta name=\"robots\" content=\"index, follow, max-snippet:-1, max-image-preview:large, max-video-preview:-1\" \/>\n<link rel=\"canonical\" href=\"https:\/\/knopf-bestattungen.de\/en\/trauerhilfe\/\" \/>\n<meta property=\"og:locale\" content=\"en_GB\" \/>\n<meta property=\"og:type\" content=\"article\" \/>\n<meta property=\"og:title\" content=\"Trauerhilfe - Knopf Bestattungen\" \/>\n<meta property=\"og:description\" content=\"In der Zeit nach einem Verlust ist es wichtig, sich der eigenen Trauer zu stellen. Diese Auseinandersetzung mit den eigenen Gef\u00fchlen braucht immer ihre Zeit und oft zehrt sie an K\u00f6rper und Seele.\" \/>\n<meta property=\"og:url\" content=\"https:\/\/knopf-bestattungen.de\/en\/trauerhilfe\/\" \/>\n<meta property=\"og:site_name\" content=\"Knopf Bestattungen\" \/>\n<meta property=\"article:modified_time\" content=\"2026-02-25T10:04:06+00:00\" \/>\n<meta property=\"og:image\" content=\"https:\/\/knopf-bestattungen.de\/wp-content\/uploads\/sites\/87\/2025\/09\/verabschieden_2.jpg\" \/>\n\t<meta property=\"og:image:width\" content=\"1600\" \/>\n\t<meta property=\"og:image:height\" content=\"842\" \/>\n\t<meta property=\"og:image:type\" content=\"image\/jpeg\" \/>\n<meta name=\"twitter:card\" content=\"summary_large_image\" \/>\n<meta name=\"twitter:label1\" content=\"Estimated reading time\" \/>\n\t<meta name=\"twitter:data1\" content=\"3 minutes\" \/>\n<script type=\"application\/ld+json\" class=\"yoast-schema-graph\">{\"@context\":\"https:\\\/\\\/schema.org\",\"@graph\":[{\"@type\":\"WebPage\",\"@id\":\"https:\\\/\\\/knopf-bestattungen.de\\\/trauerhilfe\\\/\",\"url\":\"https:\\\/\\\/knopf-bestattungen.de\\\/trauerhilfe\\\/\",\"name\":\"Trauerhilfe - Knopf Bestattungen\",\"isPartOf\":{\"@id\":\"https:\\\/\\\/knopf-bestattungen.de\\\/#website\"},\"primaryImageOfPage\":{\"@id\":\"https:\\\/\\\/knopf-bestattungen.de\\\/trauerhilfe\\\/#primaryimage\"},\"image\":{\"@id\":\"https:\\\/\\\/knopf-bestattungen.de\\\/trauerhilfe\\\/#primaryimage\"},\"thumbnailUrl\":\"\\\/wp-content\\\/uploads\\\/sites\\\/87\\\/2025\\\/09\\\/verabschieden_2.jpg\",\"datePublished\":\"2026-01-27T11:55:38+00:00\",\"dateModified\":\"2026-02-25T10:04:06+00:00\",\"description\":\"In der Zeit nach einem Verlust ist es wichtig, sich der eigenen Trauer zu stellen. Diese Auseinandersetzung mit den eigenen Gef\u00fchlen braucht immer ihre Zeit und oft zehrt sie an K\u00f6rper und Seele.\",\"breadcrumb\":{\"@id\":\"https:\\\/\\\/knopf-bestattungen.de\\\/trauerhilfe\\\/#breadcrumb\"},\"inLanguage\":\"en-GB\",\"potentialAction\":[{\"@type\":\"ReadAction\",\"target\":[\"https:\\\/\\\/knopf-bestattungen.de\\\/trauerhilfe\\\/\"]}]},{\"@type\":\"ImageObject\",\"inLanguage\":\"en-GB\",\"@id\":\"https:\\\/\\\/knopf-bestattungen.de\\\/trauerhilfe\\\/#primaryimage\",\"url\":\"\\\/wp-content\\\/uploads\\\/sites\\\/87\\\/2025\\\/09\\\/verabschieden_2.jpg\",\"contentUrl\":\"\\\/wp-content\\\/uploads\\\/sites\\\/87\\\/2025\\\/09\\\/verabschieden_2.jpg\",\"width\":1600,\"height\":842,\"caption\":\"Abschiedsraum Knopf Bestattungen\"},{\"@type\":\"BreadcrumbList\",\"@id\":\"https:\\\/\\\/knopf-bestattungen.de\\\/trauerhilfe\\\/#breadcrumb\",\"itemListElement\":[{\"@type\":\"ListItem\",\"position\":1,\"name\":\"Startseite\",\"item\":\"https:\\\/\\\/knopf-bestattungen.de\\\/\"},{\"@type\":\"ListItem\",\"position\":2,\"name\":\"Trauerhilfe\"}]},{\"@type\":\"WebSite\",\"@id\":\"https:\\\/\\\/knopf-bestattungen.de\\\/#website\",\"url\":\"https:\\\/\\\/knopf-bestattungen.de\\\/\",\"name\":\"Knopf Bestattungen\",\"description\":\"Ihr Bestattungshaus in Voerde\",\"potentialAction\":[{\"@type\":\"SearchAction\",\"target\":{\"@type\":\"EntryPoint\",\"urlTemplate\":\"https:\\\/\\\/knopf-bestattungen.de\\\/?s={search_term_string}\"},\"query-input\":{\"@type\":\"PropertyValueSpecification\",\"valueRequired\":true,\"valueName\":\"search_term_string\"}}],\"inLanguage\":\"en-GB\"}]}<\/script>\n<!-- \/ Yoast SEO plugin. -->","yoast_head_json":{"title":"Trauerhilfe - Knopf Bestattungen","description":"In der Zeit nach einem Verlust ist es wichtig, sich der eigenen Trauer zu stellen. Diese Auseinandersetzung mit den eigenen Gef\u00fchlen braucht immer ihre Zeit und oft zehrt sie an K\u00f6rper und Seele.","robots":{"index":"index","follow":"follow","max-snippet":"max-snippet:-1","max-image-preview":"max-image-preview:large","max-video-preview":"max-video-preview:-1"},"canonical":"https:\/\/knopf-bestattungen.de\/en\/trauerhilfe\/","og_locale":"en_GB","og_type":"article","og_title":"Trauerhilfe - Knopf Bestattungen","og_description":"In der Zeit nach einem Verlust ist es wichtig, sich der eigenen Trauer zu stellen. Diese Auseinandersetzung mit den eigenen Gef\u00fchlen braucht immer ihre Zeit und oft zehrt sie an K\u00f6rper und Seele.","og_url":"https:\/\/knopf-bestattungen.de\/en\/trauerhilfe\/","og_site_name":"Knopf Bestattungen","article_modified_time":"2026-02-25T10:04:06+00:00","og_image":[{"width":1600,"height":842,"url":"https:\/\/knopf-bestattungen.de\/wp-content\/uploads\/sites\/87\/2025\/09\/verabschieden_2.jpg","type":"image\/jpeg"}],"twitter_card":"summary_large_image","twitter_misc":{"Estimated reading time":"3 minutes"},"schema":{"@context":"https:\/\/schema.org","@graph":[{"@type":"WebPage","@id":"https:\/\/knopf-bestattungen.de\/trauerhilfe\/","url":"https:\/\/knopf-bestattungen.de\/trauerhilfe\/","name":"Trauerhilfe - Knopf Bestattungen","isPartOf":{"@id":"https:\/\/knopf-bestattungen.de\/#website"},"primaryImageOfPage":{"@id":"https:\/\/knopf-bestattungen.de\/trauerhilfe\/#primaryimage"},"image":{"@id":"https:\/\/knopf-bestattungen.de\/trauerhilfe\/#primaryimage"},"thumbnailUrl":"\/wp-content\/uploads\/sites\/87\/2025\/09\/verabschieden_2.jpg","datePublished":"2026-01-27T11:55:38+00:00","dateModified":"2026-02-25T10:04:06+00:00","description":"In der Zeit nach einem Verlust ist es wichtig, sich der eigenen Trauer zu stellen. Diese Auseinandersetzung mit den eigenen Gef\u00fchlen braucht immer ihre Zeit und oft zehrt sie an K\u00f6rper und Seele.","breadcrumb":{"@id":"https:\/\/knopf-bestattungen.de\/trauerhilfe\/#breadcrumb"},"inLanguage":"en-GB","potentialAction":[{"@type":"ReadAction","target":["https:\/\/knopf-bestattungen.de\/trauerhilfe\/"]}]},{"@type":"ImageObject","inLanguage":"en-GB","@id":"https:\/\/knopf-bestattungen.de\/trauerhilfe\/#primaryimage","url":"\/wp-content\/uploads\/sites\/87\/2025\/09\/verabschieden_2.jpg","contentUrl":"\/wp-content\/uploads\/sites\/87\/2025\/09\/verabschieden_2.jpg","width":1600,"height":842,"caption":"Abschiedsraum Knopf Bestattungen"},{"@type":"BreadcrumbList","@id":"https:\/\/knopf-bestattungen.de\/trauerhilfe\/#breadcrumb","itemListElement":[{"@type":"ListItem","position":1,"name":"Startseite","item":"https:\/\/knopf-bestattungen.de\/"},{"@type":"ListItem","position":2,"name":"Trauerhilfe"}]},{"@type":"WebSite","@id":"https:\/\/knopf-bestattungen.de\/#website","url":"https:\/\/knopf-bestattungen.de\/","name":"Knopf Bestattungen","description":"Ihr Bestattungshaus in Voerde","potentialAction":[{"@type":"SearchAction","target":{"@type":"EntryPoint","urlTemplate":"https:\/\/knopf-bestattungen.de\/?s={search_term_string}"},"query-input":{"@type":"PropertyValueSpecification","valueRequired":true,"valueName":"search_term_string"}}],"inLanguage":"en-GB"}]}},"_links":{"self":[{"href":"https:\/\/knopf-bestattungen.de\/en\/wp-json\/wp\/v2\/pages\/132255","targetHints":{"allow":["GET"]}}],"collection":[{"href":"https:\/\/knopf-bestattungen.de\/en\/wp-json\/wp\/v2\/pages"}],"about":[{"href":"https:\/\/knopf-bestattungen.de\/en\/wp-json\/wp\/v2\/types\/page"}],"author":[{"embeddable":true,"href":"https:\/\/knopf-bestattungen.de\/en\/wp-json\/wp\/v2\/users\/21"}],"replies":[{"embeddable":true,"href":"https:\/\/knopf-bestattungen.de\/en\/wp-json\/wp\/v2\/comments?post=132255"}],"version-history":[{"count":10,"href":"https:\/\/knopf-bestattungen.de\/en\/wp-json\/wp\/v2\/pages\/132255\/revisions"}],"predecessor-version":[{"id":132346,"href":"https:\/\/knopf-bestattungen.de\/en\/wp-json\/wp\/v2\/pages\/132255\/revisions\/132346"}],"wp:featuredmedia":[{"embeddable":true,"href":"https:\/\/knopf-bestattungen.de\/en\/wp-json\/wp\/v2\/media\/132026"}],"wp:attachment":[{"href":"https:\/\/knopf-bestattungen.de\/en\/wp-json\/wp\/v2\/media?parent=132255"}],"curies":[{"name":"wp","href":"https:\/\/api.w.org\/{rel}","templated":true}]}}