{"id":132298,"date":"2026-01-27T15:49:20","date_gmt":"2026-01-27T14:49:20","guid":{"rendered":"https:\/\/knopf-bestattungen.sereniwebsites.de\/?page_id=132298"},"modified":"2026-02-25T11:02:35","modified_gmt":"2026-02-25T10:02:35","slug":"kontakt","status":"publish","type":"page","link":"https:\/\/knopf-bestattungen.de\/en\/kontakt\/","title":{"rendered":"Contact"},"content":{"rendered":"<div class=\"wpb-content-wrapper\"><div data-parent=\"true\" class=\"vc_row row-container\" id=\"row-unique-0\"><div class=\"row no-top-padding no-bottom-padding single-h-padding limit-width row-parent\" data-height-ratio=\"50\"><div class=\"wpb_row row-inner\"><div class=\"wpb_column pos-middle pos-center align_center column_parent col-lg-12 half-internal-gutter\"><div class=\"uncol style-light\"  ><div class=\"uncoltable\"><div class=\"uncell\" ><div class=\"uncont no-block-padding col-custom-width\" style=\" max-width:864px;\" ><div class=\"vc_custom_heading_wrap \"><div class=\"heading-text el-text\" ><h2 class=\"custom fontsize-686201-custom font-size-custom\" ><span>Wir sind f\u00fcr Sie da<\/span><\/h2><\/div><div class=\"clear\"><\/div><\/div><div class=\"uncode_text_column text-lead\" ><p>Wir stehen Ihnen sowohl w\u00e4hrend Ihrer Trauer als auch im Rahmen einer Vorsorge einf\u00fchlsam zur Seite. Telefonisch erreichen Sie uns Tag und Nacht pers\u00f6nlich unter der Telefonnummer:<\/p>\n<\/div><span class=\"btn-container\" ><a role=\"button\"  href=\"tel:+49285596330\" class=\"custom-link btn btn-lg border-width-0 btn-accent btn-no-scale btn-icon-left\"><i class=\"fa fa-volume-control-phone\"><\/i>02855 \/ 96330<\/a><\/span><div class=\"empty-space empty-single\" ><span class=\"empty-space-inner\"><\/span><\/div>\n<\/div><\/div><\/div><\/div><\/div><script id=\"script-row-unique-0\" data-row=\"script-row-unique-0\" type=\"text\/javascript\" class=\"vc_controls\">UNCODE.initRow(document.getElementById(\"row-unique-0\"));<\/script><\/div><\/div><\/div><div data-parent=\"true\" class=\"vc_row has-bg need-focus style-color-wayh-bg row-container\" id=\"row-unique-2\"><div class=\"row-background background-element\" style=\"opacity: 1;\">\n\t\t\t\t\t\t\t\t\t\t\t<div class=\"background-wrapper\">\n\t\t\t\t\t\t\t\t\t\t\t\t<div class=\"background-inner\"><\/div>\n\t\t\t\t\t\t\t\t\t\t\t\t<div class=\"block-bg-overlay style-color-wayh-bg\" style=\"opacity: 0.5;\"><\/div>\n\t\t\t\t\t\t\t\t\t\t\t<\/div>\n\t\t\t\t\t\t\t\t\t\t<\/div><div class=\"row no-top-padding no-bottom-padding no-h-padding full-width row-parent\"><div class=\"wpb_row row-inner\"><div class=\"wpb_column pos-bottom pos-left align_left column_parent col-lg-12 no-internal-gutter\"><div class=\"uncol style-spec style-dark\"  ><div class=\"uncoltable\" style=\"min-height: 360px;\"><div class=\"uncell no-block-padding\" ><div class=\"uncont\" ><div class=\"vc_row row-internal row-container\"><div class=\"row row-child\"><div class=\"wpb_row row-inner\"><div class=\"wpb_column pos-top pos-center align_left column_child col-lg-12 tablet-hidden mobile-hidden single-internal-gutter\"><div class=\"uncol style-light\" ><div class=\"uncoltable\"><div class=\"uncell no-block-padding\" ><div class=\"uncont\" ><div class=\"uncode-gmaps-widget \" >\n\t\t<div class=\"uncode-wrapper\">\n\t\t<div id=\"gmapltCFUn\" class=\"uncode-map-wrapper\" data-draggable=\"true\" data-zoom=\"17\" data-color=\"#e0813d\" data-ui=\"#e0813d\" data-lat=\"51.5968992\" data-lon=\"6.6829483\" data-saturation=\"-20\" data-brightness=\"5\" style=\"height: 600px\">\n\t\t<\/div>\n\t\t\t\t<div id=\"gmapltCFUn-zoom-in\" class=\"gmap-buttons gmap-zoom-min btn style-accent-bg\"><\/div>\n\t\t<div id=\"gmapltCFUn-zoom-out\" class=\"gmap-buttons gmap-zoom-out btn style-accent-bg\"><\/div>\n\t\t\t\t\t<\/div>\n\t<\/div>\n<\/div><\/div><\/div><\/div><\/div><\/div><\/div><\/div><div class=\"vc_row row-internal row-container\"><div class=\"row row-child\"><div class=\"wpb_row row-inner\"><div class=\"wpb_column pos-top pos-center align_left column_child col-lg-12 desktop-hidden single-internal-gutter\"><div class=\"uncol style-light\" ><div class=\"uncoltable\"><div class=\"uncell no-block-padding\" ><div class=\"uncont\" ><div class=\"uncode-gmaps-widget \" >\n\t\t<div class=\"uncode-wrapper\">\n\t\t<div id=\"gmapHVxdyp\" class=\"uncode-map-wrapper\" data-draggable=\"true\" data-zoom=\"17\" data-color=\"#e0813d\" data-ui=\"#e0813d\" data-lat=\"51.5968992\" data-lon=\"6.6829483\" data-saturation=\"-20\" data-brightness=\"5\" style=\"height: 400px\">\n\t\t<\/div>\n\t\t\t\t<div id=\"gmapHVxdyp-zoom-in\" class=\"gmap-buttons gmap-zoom-min btn style-accent-bg\"><\/div>\n\t\t<div id=\"gmapHVxdyp-zoom-out\" class=\"gmap-buttons gmap-zoom-out btn style-accent-bg\"><\/div>\n\t\t\t\t\t<\/div>\n\t<\/div>\n<\/div><\/div><\/div><\/div><\/div><\/div><\/div><\/div><\/div><\/div><\/div><\/div><\/div><script id=\"script-row-unique-2\" data-row=\"script-row-unique-2\" type=\"text\/javascript\" class=\"vc_controls\">UNCODE.initRow(document.getElementById(\"row-unique-2\"));<\/script><\/div><\/div><\/div><div data-parent=\"true\" class=\"vc_row has-bg need-focus style-color-lxmt-bg row-container\" id=\"row-unique-3\"><div class=\"row no-top-padding quad-bottom-padding single-h-padding limit-width row-parent\"><div class=\"wpb_row row-inner\"><div class=\"wpb_column pos-top pos-center align_left column_parent col-lg-12 double-internal-gutter\"><div class=\"uncol style-light\"  ><div class=\"uncoltable\"><div class=\"uncell no-block-padding\" ><div class=\"uncont\" ><div class=\"vc_row row-internal row-container\"><div class=\"row col-double-gutter row-child\"><div class=\"wpb_row row-inner\"><div class=\"wpb_column pos-middle pos-center align_left column_child col-lg-3 half-internal-gutter\"><div class=\"uncol style-light sticky-element sticky-sidebar\" ><div class=\"uncoltable\"><div class=\"uncell no-block-padding\" ><div class=\"uncont\" ><div class=\"empty-space empty-single mobile-hidden\" ><span class=\"empty-space-inner\"><\/span><\/div>\n<div class=\"icon-box icon-box-top\" ><div class=\"icon-box-icon fa-container\" ><span class=\"text-accent-color btn-disable-hover\"><i class=\"fa fa-map fa-2x fa-fw\"><\/i><\/span><\/div><div class=\"icon-box-content\"><div class=\"icon-box-heading icon-box-fa-2x\"><h2 class=\"h2\">Ihr Bestatter in Voerde<\/h2><\/div><p>Knopf Bestattungen<br \/>\nBahnhofstra\u00dfe 71<br \/>\n46562 Voerde<\/p>\n<\/div><\/div><\/div><\/div><\/div><\/div><\/div><div class=\"wpb_column pos-top pos-center align_left column_child col-lg-9 single-internal-gutter\"><div class=\"uncol style-light shift_y_neg_triple\" ><div class=\"uncoltable\"><div class=\"uncell double-block-padding style-color-xsdn-bg unshadow-lg unradius-sm\" ><div class=\"uncont\" >\n\t<div class=\"wpb_raw_code wpb_raw_html \" >\n\t\t<div class=\"wpb_wrapper\">\n\t\t\t<div id=\"quform-6a22e6\" class=\"quform quform-1 quform-support-page-caching\"><form id=\"quform-form-6a22e6\" class=\"quform-form quform-form-1\" action=\"\/en\/wp-json\/wp\/v2\/pages\/132298#quform-6a22e6\" method=\"post\" enctype=\"multipart\/form-data\" novalidate=\"novalidate\" data-options=\"{&quot;id&quot;:1,&quot;uniqueId&quot;:&quot;6a22e6&quot;,&quot;theme&quot;:&quot;&quot;,&quot;ajax&quot;:true,&quot;logic&quot;:{&quot;logic&quot;:[],&quot;dependents&quot;:[],&quot;elementIds&quot;:[],&quot;dependentElementIds&quot;:[],&quot;animate&quot;:true},&quot;currentPageId&quot;:19,&quot;errorsIcon&quot;:&quot;&quot;,&quot;updateFancybox&quot;:true,&quot;hasPages&quot;:false,&quot;pages&quot;:[19],&quot;pageProgressType&quot;:&quot;percentage&quot;,&quot;tooltipsEnabled&quot;:true,&quot;tooltipClasses&quot;:&quot;qtip-quform-dark qtip-shadow&quot;,&quot;tooltipMy&quot;:&quot;left center&quot;,&quot;tooltipAt&quot;:&quot;right center&quot;,&quot;isRtl&quot;:false,&quot;scrollOffset&quot;:-50,&quot;scrollSpeed&quot;:800}\"><button class=\"quform-default-submit\" name=\"quform_submit\" type=\"submit\" value=\"submit\" aria-hidden=\"true\" tabindex=\"-1\"><\/button><div class=\"quform-form-inner quform-form-inner-1\"><input type=\"hidden\" name=\"quform_form_id\" value=\"1\" \/><input type=\"hidden\" name=\"quform_form_uid\" value=\"6a22e6\" \/><input type=\"hidden\" name=\"quform_count\" value=\"1\" \/><input type=\"hidden\" name=\"form_url\" value=\"https:\/\/knopf-bestattungen.de\/en\/wp-json\/wp\/v2\/pages\/132298\" \/><input type=\"hidden\" name=\"referring_url\" value=\"\" \/><input type=\"hidden\" name=\"post_id\" value=\"\" \/><input type=\"hidden\" name=\"post_title\" value=\"\" \/><input type=\"hidden\" name=\"quform_current_page_id\" value=\"19\" \/><input type=\"hidden\" name=\"quform_loaded\" value=\"1775950243|c6645bd89629f82896afc9306a97c96f\" \/><input type=\"hidden\" name=\"quform_csrf_token\" value=\"fSlqjBpWm2wXdEpFrZcso6pAAtJlFqMw1pIrEKNu\" \/><div class=\"quform-elements quform-elements-1 quform-cf quform-responsive-elements-phone-landscape\"><div class=\"quform-element quform-element-page quform-page-19 quform-page-1_19 quform-cf quform-group-style-plain quform-first-page quform-last-page quform-current-page\"><div class=\"quform-child-elements\"><div class=\"quform-element quform-element-html quform-element-1_31 quform-cf\"><div class=\"quform-spacer\"><h3>Schreiben Sie uns<\/h3><\/div><\/div><div class=\"quform-element quform-element-row quform-element-row-1_21 quform-2-columns quform-element-row-size-fixed quform-responsive-columns-phone-landscape\"><div class=\"quform-element quform-element-column quform-element-1_22\"><div class=\"quform-element quform-element-text quform-element-1_24 quform-cf quform-element-required\"><div class=\"quform-spacer\"><div class=\"quform-label quform-label-1_24\"><label class=\"quform-label-text\" for=\"quform_1_24_6a22e6\">Name <span class=\"quform-required\">*<\/span><\/label><\/div><div class=\"quform-inner quform-inner-text quform-inner-1_24\"><div class=\"quform-input quform-input-text quform-input-1_24 quform-cf\"><input type=\"text\" id=\"quform_1_24_6a22e6\" name=\"quform_1_24\" class=\"quform-field quform-field-text quform-field-1_24\" \/><\/div><\/div><\/div><\/div><\/div><div class=\"quform-element quform-element-column quform-element-1_23\"><div class=\"quform-element quform-element-text quform-element-1_25 quform-cf quform-element-required\"><div class=\"quform-spacer\"><div class=\"quform-label quform-label-1_25\"><label class=\"quform-label-text\" for=\"quform_1_25_6a22e6\">Nachname<span class=\"quform-required\">*<\/span><\/label><\/div><div class=\"quform-inner quform-inner-text quform-inner-1_25\"><div class=\"quform-input quform-input-text quform-input-1_25 quform-cf\"><input type=\"text\" id=\"quform_1_25_6a22e6\" name=\"quform_1_25\" class=\"quform-field quform-field-text quform-field-1_25\" \/><\/div><\/div><\/div><\/div><\/div><\/div><div class=\"quform-element quform-element-row quform-element-row-1_26 quform-2-columns quform-element-row-size-fixed quform-responsive-columns-phone-landscape\"><div class=\"quform-element quform-element-column quform-element-1_27\"><div class=\"quform-element quform-element-text quform-element-1_29 quform-cf quform-element-optional\"><div class=\"quform-spacer\"><div class=\"quform-label quform-label-1_29\"><label class=\"quform-label-text\" for=\"quform_1_29_6a22e6\">Telefonnummer<\/label><\/div><div class=\"quform-inner quform-inner-text quform-inner-1_29\"><div class=\"quform-input quform-input-text quform-input-1_29 quform-cf\"><input type=\"text\" id=\"quform_1_29_6a22e6\" name=\"quform_1_29\" class=\"quform-field quform-field-text quform-field-1_29\" \/><\/div><\/div><\/div><\/div><\/div><div class=\"quform-element quform-element-column quform-element-1_28\"><div class=\"quform-element quform-element-text quform-element-1_30 quform-cf quform-element-required\"><div class=\"quform-spacer\"><div class=\"quform-label quform-label-1_30\"><label class=\"quform-label-text\" for=\"quform_1_30_6a22e6\">E-Mail<span class=\"quform-required\">*<\/span><\/label><\/div><div class=\"quform-inner quform-inner-text quform-inner-1_30\"><div class=\"quform-input quform-input-text quform-input-1_30 quform-cf\"><input type=\"text\" id=\"quform_1_30_6a22e6\" name=\"quform_1_30\" class=\"quform-field quform-field-text quform-field-1_30\" \/><\/div><\/div><\/div><\/div><\/div><\/div><div class=\"quform-element quform-element-textarea quform-element-1_46 quform-cf quform-element-required\"><div class=\"quform-spacer\"><div class=\"quform-label quform-label-1_46\"><label class=\"quform-label-text\" for=\"quform_1_46_6a22e6\">Nachricht <span class=\"quform-required\">*<\/span><\/label><\/div><div class=\"quform-inner quform-inner-textarea quform-inner-1_46\"><div class=\"quform-input quform-input-textarea quform-input-1_46 quform-cf\"><textarea id=\"quform_1_46_6a22e6\" name=\"quform_1_46\" class=\"quform-field quform-field-textarea quform-field-1_46\"><\/textarea><\/div><\/div><\/div><\/div><div class=\"quform-element quform-element-textarea quform-element-1_641379 quform-sr-only quform-cf\" style=\"clip: rect(1px, 1px, 1px, 1px); clip-path: inset(50%); position: absolute !important; height: 1px; width: 1px; overflow: hidden;\"><div class=\"quform-spacer\"><div class=\"quform-label quform-label-1_641379\"><label class=\"quform-label-text\" for=\"quform_1_641379_6a22e6\">Company Name<span class=\"quform-required\">*<\/span><\/label><\/div><div class=\"quform-inner quform-inner-1_641379\"><textarea id=\"quform_1_641379_6a22e6\" name=\"quform_1_641379\" class=\"quform-field quform-field-textarea quform-field-1_641379\" tabindex=\"-1\" autocomplete=\"new-password\"><\/textarea><\/div><\/div><\/div><div class=\"quform-element quform-element-submit quform-element-1_20 quform-cf quform-button-style-theme\"><div class=\"quform-button-submit quform-button-submit-default quform-button-submit-1_20\"><button name=\"quform_submit\" type=\"submit\" class=\"quform-submit\" value=\"submit\"><span class=\"quform-button-text quform-button-submit-text\">Nachricht senden<\/span><\/button><\/div><div class=\"quform-loading quform-loading-position-left quform-loading-type-spinner-1\"><div class=\"quform-loading-inner\"><div class=\"quform-loading-spinner\"><div class=\"quform-loading-spinner-inner\"><\/div><\/div><\/div><\/div><\/div><\/div><\/div><\/div><\/div><\/form><\/div>\n\t\t<\/div>\n\t<\/div>\n<\/div><\/div><\/div><\/div><\/div><\/div><\/div><\/div><div class=\"vc_row row-internal row-container\"><div class=\"row row-child\"><div class=\"wpb_row row-inner\"><div class=\"wpb_column pos-top pos-center align_left column_child col-lg-3 tablet-hidden mobile-hidden single-internal-gutter\"><div class=\"uncol style-light\" ><div class=\"uncoltable\"><div class=\"uncell no-block-padding\" ><div class=\"uncont\" ><\/div><\/div><\/div><\/div><\/div><div class=\"wpb_column pos-top pos-center align_left column_child col-lg-3 col-md-33 single-internal-gutter\"><div class=\"uncol style-light\" ><div class=\"uncoltable\"><div class=\"uncell no-block-padding\" ><div class=\"uncont\" ><div class=\"icon-box icon-box-left icon-box-space-reduced\" ><div class=\"icon-box-icon fa-container\" ><a role=\"button\" href=\"tel:+49285596330\" class=\"text-accent-color custom-link\"><i class=\"fa fa-phone fa-2x fa-fw\"><\/i><\/a><\/div><div class=\"icon-box-content\"><div class=\"icon-box-heading icon-box-fa-2x\"><h6 class=\"h3\"><a role=\"button\" href=\"tel:+49285596330\">02855 \/ 96330<\/a><\/h6><\/div><\/div><\/div><\/div><\/div><\/div><\/div><\/div><div class=\"wpb_column pos-top pos-center align_left column_child col-lg-6 col-md-33 single-internal-gutter\"><div class=\"uncol style-light\" ><div class=\"uncoltable\"><div class=\"uncell no-block-padding\" ><div class=\"uncont\" ><div class=\"icon-box icon-box-left icon-box-space-reduced\" ><div class=\"icon-box-icon fa-container\" ><a role=\"button\" href=\"mailto:info@knopf-bestattungen.de\" class=\"text-accent-color custom-link\"><i class=\"fa fa-envelope fa-2x fa-fw\"><\/i><\/a><\/div><div class=\"icon-box-content\"><div class=\"icon-box-heading icon-box-fa-2x\"><h6 class=\"h3\"><a role=\"button\" href=\"mailto:info@knopf-bestattungen.de\">info@knopf-bestattungen.de<\/a><\/h6><\/div><\/div><\/div><\/div><\/div><\/div><\/div><\/div><\/div><\/div><\/div><\/div><\/div><\/div><\/div><\/div><script id=\"script-row-unique-3\" data-row=\"script-row-unique-3\" type=\"text\/javascript\" class=\"vc_controls\">UNCODE.initRow(document.getElementById(\"row-unique-3\"));<\/script><\/div><\/div><\/div>\n<\/div>","protected":false},"excerpt":{"rendered":"Wir sind f\u00fcr Sie daWir stehen Ihnen sowohl w\u00e4hrend Ihrer Trauer als auch im Rahmen einer Vorsorge einf\u00fchlsam zur Seite. [...]","protected":false},"author":21,"featured_media":132016,"parent":0,"menu_order":0,"comment_status":"closed","ping_status":"closed","template":"","meta":{"footnotes":""},"class_list":["post-132298","page","type-page","status-publish","has-post-thumbnail","hentry"],"yoast_head":"<!-- This site is optimized with the Yoast SEO plugin v27.3 - https:\/\/yoast.com\/product\/yoast-seo-wordpress\/ -->\n<title>Kontakt - Knopf Bestattungen<\/title>\n<meta name=\"description\" content=\"Unser Bestattungshaus mitten in Voerde bietet den Raum, die Ruhe und die Zeit f\u00fcr einen Abschied ganz nach Ihren pers\u00f6nlichen Bed\u00fcrfnissen.\" \/>\n<meta name=\"robots\" content=\"index, follow, max-snippet:-1, max-image-preview:large, max-video-preview:-1\" \/>\n<link rel=\"canonical\" href=\"https:\/\/knopf-bestattungen.de\/en\/kontakt\/\" \/>\n<meta property=\"og:locale\" content=\"en_GB\" \/>\n<meta property=\"og:type\" content=\"article\" \/>\n<meta property=\"og:title\" content=\"Kontakt - Knopf Bestattungen\" \/>\n<meta property=\"og:description\" content=\"Unser Bestattungshaus mitten in Voerde bietet den Raum, die Ruhe und die Zeit f\u00fcr einen Abschied ganz nach Ihren pers\u00f6nlichen Bed\u00fcrfnissen.\" \/>\n<meta property=\"og:url\" content=\"https:\/\/knopf-bestattungen.de\/en\/kontakt\/\" \/>\n<meta property=\"og:site_name\" content=\"Knopf Bestattungen\" \/>\n<meta property=\"article:modified_time\" content=\"2026-02-25T10:02:35+00:00\" \/>\n<meta property=\"og:image\" content=\"https:\/\/knopf-bestattungen.de\/wp-content\/uploads\/sites\/87\/2025\/09\/kennenlernen_slide_2.jpg\" \/>\n\t<meta property=\"og:image:width\" content=\"640\" \/>\n\t<meta property=\"og:image:height\" content=\"480\" \/>\n\t<meta property=\"og:image:type\" content=\"image\/jpeg\" \/>\n<meta name=\"twitter:card\" content=\"summary_large_image\" \/>\n<meta name=\"twitter:label1\" content=\"Estimated reading time\" \/>\n\t<meta name=\"twitter:data1\" content=\"1 minute\" \/>\n<script type=\"application\/ld+json\" class=\"yoast-schema-graph\">{\"@context\":\"https:\\\/\\\/schema.org\",\"@graph\":[{\"@type\":\"WebPage\",\"@id\":\"https:\\\/\\\/knopf-bestattungen.de\\\/kontakt\\\/\",\"url\":\"https:\\\/\\\/knopf-bestattungen.de\\\/kontakt\\\/\",\"name\":\"Kontakt - Knopf Bestattungen\",\"isPartOf\":{\"@id\":\"https:\\\/\\\/knopf-bestattungen.de\\\/#website\"},\"primaryImageOfPage\":{\"@id\":\"https:\\\/\\\/knopf-bestattungen.de\\\/kontakt\\\/#primaryimage\"},\"image\":{\"@id\":\"https:\\\/\\\/knopf-bestattungen.de\\\/kontakt\\\/#primaryimage\"},\"thumbnailUrl\":\"\\\/wp-content\\\/uploads\\\/sites\\\/87\\\/2025\\\/09\\\/kennenlernen_slide_2.jpg\",\"datePublished\":\"2026-01-27T14:49:20+00:00\",\"dateModified\":\"2026-02-25T10:02:35+00:00\",\"description\":\"Unser Bestattungshaus mitten in Voerde bietet den Raum, die Ruhe und die Zeit f\u00fcr einen Abschied ganz nach Ihren pers\u00f6nlichen Bed\u00fcrfnissen.\",\"breadcrumb\":{\"@id\":\"https:\\\/\\\/knopf-bestattungen.de\\\/kontakt\\\/#breadcrumb\"},\"inLanguage\":\"en-GB\",\"potentialAction\":[{\"@type\":\"ReadAction\",\"target\":[\"https:\\\/\\\/knopf-bestattungen.de\\\/kontakt\\\/\"]}]},{\"@type\":\"ImageObject\",\"inLanguage\":\"en-GB\",\"@id\":\"https:\\\/\\\/knopf-bestattungen.de\\\/kontakt\\\/#primaryimage\",\"url\":\"\\\/wp-content\\\/uploads\\\/sites\\\/87\\\/2025\\\/09\\\/kennenlernen_slide_2.jpg\",\"contentUrl\":\"\\\/wp-content\\\/uploads\\\/sites\\\/87\\\/2025\\\/09\\\/kennenlernen_slide_2.jpg\",\"width\":640,\"height\":480,\"caption\":\"Knopf Bestattungen in Voerde\"},{\"@type\":\"BreadcrumbList\",\"@id\":\"https:\\\/\\\/knopf-bestattungen.de\\\/kontakt\\\/#breadcrumb\",\"itemListElement\":[{\"@type\":\"ListItem\",\"position\":1,\"name\":\"Startseite\",\"item\":\"https:\\\/\\\/knopf-bestattungen.de\\\/\"},{\"@type\":\"ListItem\",\"position\":2,\"name\":\"Kontakt\"}]},{\"@type\":\"WebSite\",\"@id\":\"https:\\\/\\\/knopf-bestattungen.de\\\/#website\",\"url\":\"https:\\\/\\\/knopf-bestattungen.de\\\/\",\"name\":\"Knopf Bestattungen\",\"description\":\"Ihr Bestattungshaus in Voerde\",\"potentialAction\":[{\"@type\":\"SearchAction\",\"target\":{\"@type\":\"EntryPoint\",\"urlTemplate\":\"https:\\\/\\\/knopf-bestattungen.de\\\/?s={search_term_string}\"},\"query-input\":{\"@type\":\"PropertyValueSpecification\",\"valueRequired\":true,\"valueName\":\"search_term_string\"}}],\"inLanguage\":\"en-GB\"}]}<\/script>\n<!-- \/ Yoast SEO plugin. -->","yoast_head_json":{"title":"Kontakt - Knopf Bestattungen","description":"In the heart of Voerde, we offer a peaceful place for a personal and meaningful farewell.","robots":{"index":"index","follow":"follow","max-snippet":"max-snippet:-1","max-image-preview":"max-image-preview:large","max-video-preview":"max-video-preview:-1"},"canonical":"https:\/\/knopf-bestattungen.de\/en\/kontakt\/","og_locale":"en_GB","og_type":"article","og_title":"Kontakt - Knopf Bestattungen","og_description":"Unser Bestattungshaus mitten in Voerde bietet den Raum, die Ruhe und die Zeit f\u00fcr einen Abschied ganz nach Ihren pers\u00f6nlichen Bed\u00fcrfnissen.","og_url":"https:\/\/knopf-bestattungen.de\/en\/kontakt\/","og_site_name":"Knopf Bestattungen","article_modified_time":"2026-02-25T10:02:35+00:00","og_image":[{"width":640,"height":480,"url":"https:\/\/knopf-bestattungen.de\/wp-content\/uploads\/sites\/87\/2025\/09\/kennenlernen_slide_2.jpg","type":"image\/jpeg"}],"twitter_card":"summary_large_image","twitter_misc":{"Estimated reading time":"1 minute"},"schema":{"@context":"https:\/\/schema.org","@graph":[{"@type":"WebPage","@id":"https:\/\/knopf-bestattungen.de\/kontakt\/","url":"https:\/\/knopf-bestattungen.de\/kontakt\/","name":"Kontakt - Knopf Bestattungen","isPartOf":{"@id":"https:\/\/knopf-bestattungen.de\/#website"},"primaryImageOfPage":{"@id":"https:\/\/knopf-bestattungen.de\/kontakt\/#primaryimage"},"image":{"@id":"https:\/\/knopf-bestattungen.de\/kontakt\/#primaryimage"},"thumbnailUrl":"\/wp-content\/uploads\/sites\/87\/2025\/09\/kennenlernen_slide_2.jpg","datePublished":"2026-01-27T14:49:20+00:00","dateModified":"2026-02-25T10:02:35+00:00","description":"In the heart of Voerde, we offer a peaceful place for a personal and meaningful farewell.","breadcrumb":{"@id":"https:\/\/knopf-bestattungen.de\/kontakt\/#breadcrumb"},"inLanguage":"en-GB","potentialAction":[{"@type":"ReadAction","target":["https:\/\/knopf-bestattungen.de\/kontakt\/"]}]},{"@type":"ImageObject","inLanguage":"en-GB","@id":"https:\/\/knopf-bestattungen.de\/kontakt\/#primaryimage","url":"\/wp-content\/uploads\/sites\/87\/2025\/09\/kennenlernen_slide_2.jpg","contentUrl":"\/wp-content\/uploads\/sites\/87\/2025\/09\/kennenlernen_slide_2.jpg","width":640,"height":480,"caption":"Knopf Bestattungen in Voerde"},{"@type":"BreadcrumbList","@id":"https:\/\/knopf-bestattungen.de\/kontakt\/#breadcrumb","itemListElement":[{"@type":"ListItem","position":1,"name":"Startseite","item":"https:\/\/knopf-bestattungen.de\/"},{"@type":"ListItem","position":2,"name":"Kontakt"}]},{"@type":"WebSite","@id":"https:\/\/knopf-bestattungen.de\/#website","url":"https:\/\/knopf-bestattungen.de\/","name":"Knopf Bestattungen","description":"Ihr Bestattungshaus in Voerde","potentialAction":[{"@type":"SearchAction","target":{"@type":"EntryPoint","urlTemplate":"https:\/\/knopf-bestattungen.de\/?s={search_term_string}"},"query-input":{"@type":"PropertyValueSpecification","valueRequired":true,"valueName":"search_term_string"}}],"inLanguage":"en-GB"}]}},"_links":{"self":[{"href":"https:\/\/knopf-bestattungen.de\/en\/wp-json\/wp\/v2\/pages\/132298","targetHints":{"allow":["GET"]}}],"collection":[{"href":"https:\/\/knopf-bestattungen.de\/en\/wp-json\/wp\/v2\/pages"}],"about":[{"href":"https:\/\/knopf-bestattungen.de\/en\/wp-json\/wp\/v2\/types\/page"}],"author":[{"embeddable":true,"href":"https:\/\/knopf-bestattungen.de\/en\/wp-json\/wp\/v2\/users\/21"}],"replies":[{"embeddable":true,"href":"https:\/\/knopf-bestattungen.de\/en\/wp-json\/wp\/v2\/comments?post=132298"}],"version-history":[{"count":5,"href":"https:\/\/knopf-bestattungen.de\/en\/wp-json\/wp\/v2\/pages\/132298\/revisions"}],"predecessor-version":[{"id":132318,"href":"https:\/\/knopf-bestattungen.de\/en\/wp-json\/wp\/v2\/pages\/132298\/revisions\/132318"}],"wp:featuredmedia":[{"embeddable":true,"href":"https:\/\/knopf-bestattungen.de\/en\/wp-json\/wp\/v2\/media\/132016"}],"wp:attachment":[{"href":"https:\/\/knopf-bestattungen.de\/en\/wp-json\/wp\/v2\/media?parent=132298"}],"curies":[{"name":"wp","href":"https:\/\/api.w.org\/{rel}","templated":true}]}}