{"id":132373,"date":"2026-01-28T15:54:54","date_gmt":"2026-01-28T14:54:54","guid":{"rendered":"https:\/\/knopf-bestattungen.sereniwebsites.de\/?page_id=132373"},"modified":"2026-02-25T11:00:09","modified_gmt":"2026-02-25T10:00:09","slug":"grabarten","status":"publish","type":"page","link":"https:\/\/knopf-bestattungen.de\/en\/grabarten\/","title":{"rendered":"Grabarten"},"content":{"rendered":"<div class=\"wpb-content-wrapper\"><div data-parent=\"true\" class=\"vc_row row-container\" id=\"row-unique-0\"><div class=\"row no-top-padding no-bottom-padding single-h-padding limit-width row-parent\" data-height-ratio=\"50\"><div class=\"wpb_row row-inner\"><div class=\"wpb_column pos-middle pos-center align_center align_left_mobile column_parent col-lg-12 half-internal-gutter\"><div class=\"uncol style-light\"  ><div class=\"uncoltable\"><div class=\"uncell\" ><div class=\"uncont no-block-padding col-custom-width\" style=\" max-width:864px;\" ><div class=\"empty-space empty-single desktop-hidden tablet-hidden\" ><span class=\"empty-space-inner\"><\/span><\/div>\n<div class=\"vc_custom_heading_wrap\"><div class=\"heading-text el-text\" ><h2 class=\"custom fontsize-101810-custom font-size-custom\" ><span>Grabarten<\/span><\/h2><\/div><div class=\"clear\"><\/div><\/div><div class=\"uncode_text_column text-lead\" ><p>F\u00fcr die Beisetzung auf dem Friedhof in Voerde und Umgebung besteht die Wahl zwischen verschiedenen Grabarten die wir Ihnen nachfolgend beschreiben.<\/p>\n<\/div><div class=\"empty-space empty-single\" ><span class=\"empty-space-inner\"><\/span><\/div>\n<\/div><\/div><\/div><\/div><\/div><script id=\"script-row-unique-0\" data-row=\"script-row-unique-0\" type=\"text\/javascript\" class=\"vc_controls\">UNCODE.initRow(document.getElementById(\"row-unique-0\"));<\/script><\/div><\/div><\/div><div data-parent=\"true\" class=\"vc_row inverted-device-order row-container\" id=\"row-unique-1\"><div class=\"row unequal col-double-gutter single-top-padding single-bottom-padding single-h-padding limit-width row-parent\"><div class=\"wpb_row row-inner\"><div class=\"wpb_column pos-middle pos-center align_left column_parent col-lg-4 half-internal-gutter\"><div class=\"uncol style-light\"  ><div class=\"uncoltable\"><div class=\"uncell no-block-padding\" ><div class=\"uncont\" ><div class=\"vc_custom_heading_wrap\"><div class=\"heading-text el-text\" ><h3 class=\"custom fontsize-195046-custom font-size-custom\" ><span>Wahlgrab<\/span><\/h3><div><p>Diese Grabst\u00e4tte wird vom Betroffenen oder den Angeh\u00f6rigen ausgew\u00e4hlt. Je nach Art (z. B. Doppel- oder Familiengrab) k\u00f6nnen mehrere Beisetzungen in einer Grabstelle vorgenommen werden. Nach Ablauf der Ruhefrist k\u00f6nnen diese Grabst\u00e4tten wieder erworben werden. Zudem k\u00f6nnen zus\u00e4tzlich zu einer Sargbestattung auch Urnen beigesetzt werden.<\/p>\n<\/div><\/div><div class=\"clear\"><\/div><\/div><\/div><\/div><\/div><\/div><\/div><div class=\"wpb_column pos-top pos-center align_left column_parent col-lg-4 half-internal-gutter\"><div class=\"uncol style-light\"  ><div class=\"uncoltable\"><div class=\"uncell no-block-padding\" ><div class=\"uncont\" ><div class=\"vc_custom_heading_wrap\"><div class=\"heading-text el-text\" ><h3 class=\"custom fontsize-188341-custom font-size-custom\" ><span>Pflegefreies Wahlgrab<\/span><\/h3><div><p>Diese Grabform wird von der Stadt Voerde bepflanzt und instand gehalten. Die Grabstelle wird selbst ausgesucht und im Gegensatz zu den Rasengr\u00e4bern k\u00f6nnen hier Grabsteine, Vasen etc. nach speziellen Vorgaben aufgestellt werden.<\/p>\n<\/div><\/div><div class=\"clear\"><\/div><\/div><\/div><\/div><\/div><\/div><\/div><div class=\"wpb_column pos-top pos-center align_left column_parent col-lg-4 half-internal-gutter\"><div class=\"uncol style-light\"  ><div class=\"uncoltable\"><div class=\"uncell no-block-padding\" ><div class=\"uncont\" ><div class=\"vc_custom_heading_wrap\"><div class=\"heading-text el-text\" ><h3 class=\"custom fontsize-127139-custom font-size-custom\" ><span>Reihengrab<\/span><\/h3><div><p>Diese Grabst\u00e4tte wird vom Friedhof zugeteilt und es darf jeweils nur ein Verstorbener beigesetzt werden. Daf\u00fcr ist das Reihengrab im Normalfall g\u00fcnstiger als ein Wahlgrab. Das Nutzungsrecht ist nicht verl\u00e4ngerbar.<\/p>\n<\/div><\/div><div class=\"clear\"><\/div><\/div><\/div><\/div><\/div><\/div><\/div><script id=\"script-row-unique-1\" data-row=\"script-row-unique-1\" type=\"text\/javascript\" class=\"vc_controls\">UNCODE.initRow(document.getElementById(\"row-unique-1\"));<\/script><\/div><\/div><\/div><div data-parent=\"true\" class=\"vc_row inverted-device-order row-container\" id=\"row-unique-2\"><div class=\"row unequal col-double-gutter single-top-padding single-bottom-padding single-h-padding limit-width row-parent\"><div class=\"wpb_row row-inner\"><div class=\"wpb_column pos-middle pos-center align_left column_parent col-lg-4 half-internal-gutter\"><div class=\"uncol style-light\"  ><div class=\"uncoltable\"><div class=\"uncell no-block-padding\" ><div class=\"uncont\" ><div class=\"vc_custom_heading_wrap\"><div class=\"heading-text el-text\" ><h3 class=\"custom fontsize-973576-custom font-size-custom\" ><span>Pflegefreie Gemeinschaftsgrabanlagen<\/span><\/h3><div><p>Hier bestehen auf den evangelischen und katholischen Friedh\u00f6fen der Umgebung verschiedene M\u00f6glichkeiten, zu denen wir Sie im pers\u00f6nlichen Gespr\u00e4ch gerne ausf\u00fchrlich beraten.<\/p>\n<\/div><\/div><div class=\"clear\"><\/div><\/div><\/div><\/div><\/div><\/div><\/div><div class=\"wpb_column pos-top pos-center align_left column_parent col-lg-4 half-internal-gutter\"><div class=\"uncol style-light\"  ><div class=\"uncoltable\"><div class=\"uncell no-block-padding\" ><div class=\"uncont\" ><div class=\"vc_custom_heading_wrap\"><div class=\"heading-text el-text\" ><h3 class=\"custom fontsize-482713-custom font-size-custom\" ><span>Rasengrabst\u00e4tten<\/span><\/h3><div><p>Hier wird auf eine konventionelle Gestaltung verzichtet, stattdessen werden diese Gr\u00e4ber durch den jeweiligen Friedhofstr\u00e4ger mit Rasen einges\u00e4t. Die Pflege beschr\u00e4nkt sich auf den Gr\u00fcnschnitt, der ebenfalls durch den Friedhofstr\u00e4ger erbracht wird. Eine namentliche Kennzeichnung durch eine fl\u00e4chenb\u00fcndig in die Grasnarbe eingebrachte Platte ist m\u00f6glich und bei kirchlichen Friedh\u00f6fen meist auch vorgeschrieben.<\/p>\n<\/div><\/div><div class=\"clear\"><\/div><\/div><\/div><\/div><\/div><\/div><\/div><div class=\"wpb_column pos-top pos-center align_left column_parent col-lg-4 half-internal-gutter\"><div class=\"uncol style-light\"  ><div class=\"uncoltable\"><div class=\"uncell no-block-padding\" ><div class=\"uncont\" ><div class=\"vc_custom_heading_wrap\"><div class=\"heading-text el-text\" ><h3 class=\"custom fontsize-127139-custom font-size-custom\" ><span>Reihengrab<\/span><\/h3><div><p>Diese Grabst\u00e4tte wird vom Friedhof zugeteilt und es darf jeweils nur ein Verstorbener beigesetzt werden. Daf\u00fcr ist das Reihengrab im Normalfall g\u00fcnstiger als ein Wahlgrab. Das Nutzungsrecht ist nicht verl\u00e4ngerbar.<\/p>\n<\/div><\/div><div class=\"clear\"><\/div><\/div><\/div><\/div><\/div><\/div><\/div><script id=\"script-row-unique-2\" data-row=\"script-row-unique-2\" type=\"text\/javascript\" class=\"vc_controls\">UNCODE.initRow(document.getElementById(\"row-unique-2\"));<\/script><\/div><\/div><\/div><div data-parent=\"true\" class=\"vc_row inverted-device-order row-container\" id=\"row-unique-3\"><div class=\"row unequal col-double-gutter single-top-padding triple-bottom-padding single-h-padding limit-width row-parent\"><div class=\"wpb_row row-inner\"><div class=\"wpb_column pos-middle pos-center align_left column_parent col-lg-4 half-internal-gutter\"><div class=\"uncol style-light\"  ><div class=\"uncoltable\"><div class=\"uncell no-block-padding\" ><div class=\"uncont\" ><div class=\"vc_custom_heading_wrap\"><div class=\"heading-text el-text\" ><h3 class=\"custom fontsize-174996-custom font-size-custom\" ><span>Urnenstele oder Kolumbarium<\/span><\/h3><div><p>Alternativ zu den Gr\u00e4bern ist f\u00fcr Urnen auch eine oberirdische Beisetzung denkbar \u2013 in einer Urnenstele oder einem Kolumbarium. Die M\u00f6glichkeiten auf den Friedh\u00f6fen sind verschieden, deshalb beraten wir Sie gerne pers\u00f6nlich dazu.<\/p>\n<\/div><\/div><div class=\"clear\"><\/div><\/div><\/div><\/div><\/div><\/div><\/div><div class=\"wpb_column pos-top pos-center align_left column_parent col-lg-4 half-internal-gutter\"><div class=\"uncol style-light\"  ><div class=\"uncoltable\"><div class=\"uncell no-block-padding\" ><div class=\"uncont\" ><div class=\"vc_custom_heading_wrap\"><div class=\"heading-text el-text\" ><h3 class=\"custom fontsize-306714-custom font-size-custom\" ><span>Anonyme Bestattung<\/span><\/h3><div><p>Hier wird der Sarg bzw. die Urne auf einem Gr\u00e4berfeld beigesetzt, ohne dass die genaue Lage bekannt ist. Aus diesem Grund d\u00fcrfen die Hinterbliebenen bei der Beisetzung nicht anwesend sein.<\/p>\n<\/div><\/div><div class=\"clear\"><\/div><\/div><\/div><\/div><\/div><\/div><\/div><div class=\"wpb_column pos-top pos-center align_left column_parent col-lg-4 half-internal-gutter\"><div class=\"uncol style-light\"  ><div class=\"uncoltable\"><div class=\"uncell no-block-padding\" ><div class=\"uncont\" ><\/div><\/div><\/div><\/div><\/div><script id=\"script-row-unique-3\" data-row=\"script-row-unique-3\" type=\"text\/javascript\" class=\"vc_controls\">UNCODE.initRow(document.getElementById(\"row-unique-3\"));<\/script><\/div><\/div><\/div>\n<\/div>","protected":false},"excerpt":{"rendered":"GrabartenF\u00fcr die Beisetzung auf dem Friedhof in Voerde und Umgebung besteht die Wahl zwischen verschiedenen Grabarten die wir Ihnen nachfolgend [...]","protected":false},"author":21,"featured_media":132016,"parent":0,"menu_order":0,"comment_status":"closed","ping_status":"closed","template":"","meta":{"footnotes":""},"class_list":["post-132373","page","type-page","status-publish","has-post-thumbnail","hentry"],"yoast_head":"<!-- This site is optimized with the Yoast SEO plugin v27.3 - https:\/\/yoast.com\/product\/yoast-seo-wordpress\/ -->\n<title>Grabarten - Knopf Bestattungen<\/title>\n<meta name=\"description\" content=\"Auf dieser Seite geben wir Ihnen einen \u00dcberblick \u00fcber die Grabarten, die in Voerde und Umgebung m\u00f6glich sind.\" \/>\n<meta name=\"robots\" content=\"index, follow, max-snippet:-1, max-image-preview:large, max-video-preview:-1\" \/>\n<link rel=\"canonical\" href=\"https:\/\/knopf-bestattungen.de\/en\/grabarten\/\" \/>\n<meta property=\"og:locale\" content=\"en_GB\" \/>\n<meta property=\"og:type\" content=\"article\" \/>\n<meta property=\"og:title\" content=\"Grabarten - Knopf Bestattungen\" \/>\n<meta property=\"og:description\" content=\"Auf dieser Seite geben wir Ihnen einen \u00dcberblick \u00fcber die Grabarten, die in Voerde und Umgebung m\u00f6glich sind.\" \/>\n<meta property=\"og:url\" content=\"https:\/\/knopf-bestattungen.de\/en\/grabarten\/\" \/>\n<meta property=\"og:site_name\" content=\"Knopf Bestattungen\" \/>\n<meta property=\"article:modified_time\" content=\"2026-02-25T10:00:09+00:00\" \/>\n<meta property=\"og:image\" content=\"https:\/\/knopf-bestattungen.de\/wp-content\/uploads\/sites\/87\/2025\/09\/kennenlernen_slide_2.jpg\" \/>\n\t<meta property=\"og:image:width\" content=\"640\" \/>\n\t<meta property=\"og:image:height\" content=\"480\" \/>\n\t<meta property=\"og:image:type\" content=\"image\/jpeg\" \/>\n<meta name=\"twitter:card\" content=\"summary_large_image\" \/>\n<meta name=\"twitter:label1\" content=\"Estimated reading time\" \/>\n\t<meta name=\"twitter:data1\" content=\"3 minutes\" \/>\n<script type=\"application\/ld+json\" class=\"yoast-schema-graph\">{\"@context\":\"https:\\\/\\\/schema.org\",\"@graph\":[{\"@type\":\"WebPage\",\"@id\":\"https:\\\/\\\/knopf-bestattungen.de\\\/grabarten\\\/\",\"url\":\"https:\\\/\\\/knopf-bestattungen.de\\\/grabarten\\\/\",\"name\":\"Grabarten - Knopf Bestattungen\",\"isPartOf\":{\"@id\":\"https:\\\/\\\/knopf-bestattungen.de\\\/#website\"},\"primaryImageOfPage\":{\"@id\":\"https:\\\/\\\/knopf-bestattungen.de\\\/grabarten\\\/#primaryimage\"},\"image\":{\"@id\":\"https:\\\/\\\/knopf-bestattungen.de\\\/grabarten\\\/#primaryimage\"},\"thumbnailUrl\":\"\\\/wp-content\\\/uploads\\\/sites\\\/87\\\/2025\\\/09\\\/kennenlernen_slide_2.jpg\",\"datePublished\":\"2026-01-28T14:54:54+00:00\",\"dateModified\":\"2026-02-25T10:00:09+00:00\",\"description\":\"Auf dieser Seite geben wir Ihnen einen \u00dcberblick \u00fcber die Grabarten, die in Voerde und Umgebung m\u00f6glich sind.\",\"breadcrumb\":{\"@id\":\"https:\\\/\\\/knopf-bestattungen.de\\\/grabarten\\\/#breadcrumb\"},\"inLanguage\":\"en-GB\",\"potentialAction\":[{\"@type\":\"ReadAction\",\"target\":[\"https:\\\/\\\/knopf-bestattungen.de\\\/grabarten\\\/\"]}]},{\"@type\":\"ImageObject\",\"inLanguage\":\"en-GB\",\"@id\":\"https:\\\/\\\/knopf-bestattungen.de\\\/grabarten\\\/#primaryimage\",\"url\":\"\\\/wp-content\\\/uploads\\\/sites\\\/87\\\/2025\\\/09\\\/kennenlernen_slide_2.jpg\",\"contentUrl\":\"\\\/wp-content\\\/uploads\\\/sites\\\/87\\\/2025\\\/09\\\/kennenlernen_slide_2.jpg\",\"width\":640,\"height\":480,\"caption\":\"Knopf Bestattungen in Voerde\"},{\"@type\":\"BreadcrumbList\",\"@id\":\"https:\\\/\\\/knopf-bestattungen.de\\\/grabarten\\\/#breadcrumb\",\"itemListElement\":[{\"@type\":\"ListItem\",\"position\":1,\"name\":\"Startseite\",\"item\":\"https:\\\/\\\/knopf-bestattungen.de\\\/\"},{\"@type\":\"ListItem\",\"position\":2,\"name\":\"Grabarten\"}]},{\"@type\":\"WebSite\",\"@id\":\"https:\\\/\\\/knopf-bestattungen.de\\\/#website\",\"url\":\"https:\\\/\\\/knopf-bestattungen.de\\\/\",\"name\":\"Knopf Bestattungen\",\"description\":\"Ihr Bestattungshaus in Voerde\",\"potentialAction\":[{\"@type\":\"SearchAction\",\"target\":{\"@type\":\"EntryPoint\",\"urlTemplate\":\"https:\\\/\\\/knopf-bestattungen.de\\\/?s={search_term_string}\"},\"query-input\":{\"@type\":\"PropertyValueSpecification\",\"valueRequired\":true,\"valueName\":\"search_term_string\"}}],\"inLanguage\":\"en-GB\"}]}<\/script>\n<!-- \/ Yoast SEO plugin. -->","yoast_head_json":{"title":"Grabarten - Knopf Bestattungen","description":"Auf dieser Seite geben wir Ihnen einen \u00dcberblick \u00fcber die Grabarten, die in Voerde und Umgebung m\u00f6glich sind.","robots":{"index":"index","follow":"follow","max-snippet":"max-snippet:-1","max-image-preview":"max-image-preview:large","max-video-preview":"max-video-preview:-1"},"canonical":"https:\/\/knopf-bestattungen.de\/en\/grabarten\/","og_locale":"en_GB","og_type":"article","og_title":"Grabarten - Knopf Bestattungen","og_description":"Auf dieser Seite geben wir Ihnen einen \u00dcberblick \u00fcber die Grabarten, die in Voerde und Umgebung m\u00f6glich sind.","og_url":"https:\/\/knopf-bestattungen.de\/en\/grabarten\/","og_site_name":"Knopf Bestattungen","article_modified_time":"2026-02-25T10:00:09+00:00","og_image":[{"width":640,"height":480,"url":"https:\/\/knopf-bestattungen.de\/wp-content\/uploads\/sites\/87\/2025\/09\/kennenlernen_slide_2.jpg","type":"image\/jpeg"}],"twitter_card":"summary_large_image","twitter_misc":{"Estimated reading time":"3 minutes"},"schema":{"@context":"https:\/\/schema.org","@graph":[{"@type":"WebPage","@id":"https:\/\/knopf-bestattungen.de\/grabarten\/","url":"https:\/\/knopf-bestattungen.de\/grabarten\/","name":"Grabarten - Knopf Bestattungen","isPartOf":{"@id":"https:\/\/knopf-bestattungen.de\/#website"},"primaryImageOfPage":{"@id":"https:\/\/knopf-bestattungen.de\/grabarten\/#primaryimage"},"image":{"@id":"https:\/\/knopf-bestattungen.de\/grabarten\/#primaryimage"},"thumbnailUrl":"\/wp-content\/uploads\/sites\/87\/2025\/09\/kennenlernen_slide_2.jpg","datePublished":"2026-01-28T14:54:54+00:00","dateModified":"2026-02-25T10:00:09+00:00","description":"Auf dieser Seite geben wir Ihnen einen \u00dcberblick \u00fcber die Grabarten, die in Voerde und Umgebung m\u00f6glich sind.","breadcrumb":{"@id":"https:\/\/knopf-bestattungen.de\/grabarten\/#breadcrumb"},"inLanguage":"en-GB","potentialAction":[{"@type":"ReadAction","target":["https:\/\/knopf-bestattungen.de\/grabarten\/"]}]},{"@type":"ImageObject","inLanguage":"en-GB","@id":"https:\/\/knopf-bestattungen.de\/grabarten\/#primaryimage","url":"\/wp-content\/uploads\/sites\/87\/2025\/09\/kennenlernen_slide_2.jpg","contentUrl":"\/wp-content\/uploads\/sites\/87\/2025\/09\/kennenlernen_slide_2.jpg","width":640,"height":480,"caption":"Knopf Bestattungen in Voerde"},{"@type":"BreadcrumbList","@id":"https:\/\/knopf-bestattungen.de\/grabarten\/#breadcrumb","itemListElement":[{"@type":"ListItem","position":1,"name":"Startseite","item":"https:\/\/knopf-bestattungen.de\/"},{"@type":"ListItem","position":2,"name":"Grabarten"}]},{"@type":"WebSite","@id":"https:\/\/knopf-bestattungen.de\/#website","url":"https:\/\/knopf-bestattungen.de\/","name":"Knopf Bestattungen","description":"Ihr Bestattungshaus in Voerde","potentialAction":[{"@type":"SearchAction","target":{"@type":"EntryPoint","urlTemplate":"https:\/\/knopf-bestattungen.de\/?s={search_term_string}"},"query-input":{"@type":"PropertyValueSpecification","valueRequired":true,"valueName":"search_term_string"}}],"inLanguage":"en-GB"}]}},"_links":{"self":[{"href":"https:\/\/knopf-bestattungen.de\/en\/wp-json\/wp\/v2\/pages\/132373","targetHints":{"allow":["GET"]}}],"collection":[{"href":"https:\/\/knopf-bestattungen.de\/en\/wp-json\/wp\/v2\/pages"}],"about":[{"href":"https:\/\/knopf-bestattungen.de\/en\/wp-json\/wp\/v2\/types\/page"}],"author":[{"embeddable":true,"href":"https:\/\/knopf-bestattungen.de\/en\/wp-json\/wp\/v2\/users\/21"}],"replies":[{"embeddable":true,"href":"https:\/\/knopf-bestattungen.de\/en\/wp-json\/wp\/v2\/comments?post=132373"}],"version-history":[{"count":2,"href":"https:\/\/knopf-bestattungen.de\/en\/wp-json\/wp\/v2\/pages\/132373\/revisions"}],"predecessor-version":[{"id":132376,"href":"https:\/\/knopf-bestattungen.de\/en\/wp-json\/wp\/v2\/pages\/132373\/revisions\/132376"}],"wp:featuredmedia":[{"embeddable":true,"href":"https:\/\/knopf-bestattungen.de\/en\/wp-json\/wp\/v2\/media\/132016"}],"wp:attachment":[{"href":"https:\/\/knopf-bestattungen.de\/en\/wp-json\/wp\/v2\/media?parent=132373"}],"curies":[{"name":"wp","href":"https:\/\/api.w.org\/{rel}","templated":true}]}}